{"id":9411,"date":"2026-04-27T11:14:39","date_gmt":"2026-04-27T09:14:39","guid":{"rendered":"https:\/\/aggersvoldgods.dk\/?page_id=9411"},"modified":"2026-04-28T12:50:51","modified_gmt":"2026-04-28T10:50:51","slug":"terms-and-conditions","status":"publish","type":"page","link":"https:\/\/aggersvoldgods.dk\/en\/handelsbetingelser\/","title":{"rendered":"Terms &amp; conditions"},"content":{"rendered":"<div data-elementor-type=\"wp-page\" data-elementor-id=\"9411\" class=\"elementor elementor-9411\" data-elementor-post-type=\"page\">\n\t\t\t\t\t\t<section class=\"elementor-section elementor-top-section elementor-element elementor-element-5c3c9e8 elementor-section-boxed elementor-section-height-default elementor-section-height-default\" data-id=\"5c3c9e8\" data-element_type=\"section\" data-e-type=\"section\" data-settings=\"{&quot;background_background&quot;:&quot;classic&quot;}\">\n\t\t\t\t\t\t<div class=\"elementor-container elementor-column-gap-default\">\n\t\t\t\t\t<div class=\"elementor-column elementor-col-100 elementor-top-column elementor-element elementor-element-011a358\" data-id=\"011a358\" data-element_type=\"column\" data-e-type=\"column\">\n\t\t\t<div class=\"elementor-widget-wrap elementor-element-populated\">\n\t\t\t\t\t<div class=\"elementor-background-overlay\"><\/div>\n\t\t\t\t\t\t<div class=\"elementor-element elementor-element-35a5952 elementor-widget elementor-widget-heading\" data-id=\"35a5952\" data-element_type=\"widget\" data-e-type=\"widget\" data-widget_type=\"heading.default\">\n\t\t\t\t<div class=\"elementor-widget-container\">\n\t\t\t\t\t<h2 class=\"elementor-heading-title elementor-size-default\">Terms &amp; conditions<\/h2>\t\t\t\t<\/div>\n\t\t\t\t<\/div>\n\t\t\t\t<div class=\"elementor-element elementor-element-b00c4e1 elementor-widget-divider--view-line_icon elementor-view-default elementor-widget-divider--element-align-center elementor-widget elementor-widget-divider\" data-id=\"b00c4e1\" data-element_type=\"widget\" data-e-type=\"widget\" data-widget_type=\"divider.default\">\n\t\t\t\t<div class=\"elementor-widget-container\">\n\t\t\t\t\t\t\t<div class=\"elementor-divider\">\n\t\t\t<span class=\"elementor-divider-separator\">\n\t\t\t\t\t\t\t<div class=\"elementor-icon elementor-divider__element\">\n\t\t\t\t\t<i aria-hidden=\"true\" class=\"icon icon-Leaf\"><\/i><\/div>\n\t\t\t\t\t\t<\/span>\n\t\t<\/div>\n\t\t\t\t\t\t<\/div>\n\t\t\t\t<\/div>\n\t\t\t\t<div class=\"elementor-element elementor-element-f90ed3c elementor-widget elementor-widget-text-editor\" data-id=\"f90ed3c\" data-element_type=\"widget\" data-e-type=\"widget\" data-widget_type=\"text-editor.default\">\n\t\t\t\t<div class=\"elementor-widget-container\">\n\t\t\t\t\t\t\t\t\t<p>Upon payment or accept of event order, an agreement is entered into with:<\/p>\n<p><strong>Aggersvold Hotel & Konference A\/S<\/strong><br \/>Tornbrinken 24, 4450 Jyderup, Denmark<\/p>\n<p>Account information: 7134-0001055854<br \/>IBAN: DK7871340001055854<br \/>BIC\/Swift: JYBADKKK<br \/>CVR:\u00a039705273<br \/>EAN: 5797200119872<br \/><br \/><\/p>\n<p><b>1. Payments<\/b><br \/>Betaling sker via vores hjemmeside med betalingskort eller MobilePay \u2013 eller via bankoverf\u00f8rsel, s\u00e5fremt du har booket et ophold eller arrangement via telefon eller mail. Booker du via andre hjemmesider, f.eks. via Booking.com, kan andre betalingssystemer v\u00e6re tilg\u00e6ngelige. Ved bankoverf\u00f8rsel er du ikke beskyttet af indsigelsesordningen.<\/p>\n<p><b>2. Changes to your booking<\/b><br \/>Adjustment and cancellation of your booking must always be made in writing per email with reference to the original order.<\/p>\n<p><b>3. Right of cancellation<\/b><br \/>With reference to the exception for hotel stays, cf. current legislation, purchases cannot be undone.<\/p>\n<p><b>4. Cancellation<\/b><br \/>Der kan ske rettidig afbestilling p\u00e5 almindelige hotelophold senest kl. 00:00 to dage f\u00f8r ankomstdagen. Rettidig afbestilling er omkostningsfrit. Ved afbestilling senere end angivet \u2013 eller hvis g\u00e6sten ikke dukker op, opkr\u00e6ves det fulde ordrebel\u00f8b. Dette inkluderer almindelige, ophold p\u00e5 vores v\u00e6relser. For gruppebookinger og ophold i forbindelse med st\u00f8rre events er der andre g\u00e6ldende regler.<\/p>\n<p>Note! It may happen that the amount of your order is reserved in your account before arrival. If you have canceled in time, we will release the amount afterwards.<\/p>\n<p><b>5. Faults and deficiencies<\/b><br \/>Should you experience deficiencies during your stay, please contact us as soon as possible at <a href=\"mailto:reception@aggersvold.dk\"><span style=\"text-decoration: underline;\">reception@aggersvold.dk.<\/span><\/a> eller +45 30 68 22 92, s\u00e5 vi kan udbedre manglerne.<\/p>\n<p>As our accommodation and event booking is a service, you are not entitled to a two-year complaint. On the other hand, you have the right to have deficiencies in the service rectified if they can be attributed to the nature of the service, unless it is your own circumstances or other external circumstances for which we cannot be held liable under Danish law.<\/p>\n<p><b>6. Compensation<\/b><br \/>As a guest \/ customer, you have a duty to pay compensation for any damage that you \/ your or your guests (in connection with events) cause to buildings or furniture on the property.<\/p>\n<p><b>7. Personal data policy<\/b><br \/>N\u00e5r du benytter dig af vores tjenester og i den forbindelse indg\u00e5r aftale med Aggersvold Hotel & Konference A\/S, har vi brug for f\u00f8lgende oplysninger for at kunne levere ydelsen korrekt til dig:<\/p>\n<p>Name<br \/>Address<br \/>Phone number<br \/>Email address<br \/>Any other details regarding your agreement (provided voluntarily by yourself)<\/p>\n<p>Vi registrerer dine data hos Aggersvold Hotel & Konference A\/S og opbevarer dem i 2 \u00e5r, hvorefter oplysningerne slettes. Fakturaer og sikkerhedskopiering af fakturaer opbevares i henhold til danske skattem\u00e6ssige krav i op til 5 \u00e5r.<\/p>\n<p>When personal information is collected via our website, we ensure that it is always done by giving your express consent, so that you are informed about exactly what information is collected and why. <span style=\"text-decoration: underline;\"><a href=\"https:\/\/aggersvoldgods.dk\/en\/privacy-policy\/\">Read our privacy policy here<\/a><\/span>.<\/p>\n<p>Oplysninger afgivet til Aggersvold Hotel & Konference A\/S videregives eller s\u00e6lges p\u00e5 ingen m\u00e5de til tredjemand, og vi registrerer ingen personf\u00f8lsomme oplysninger.<\/p>\n<p><b>8. Insights and complaints<\/b><br \/>Som registreret hos Aggersvold Hotel & Konference A\/S har du altid ret til at g\u00f8re indsigelse mod registreringen. Du har ogs\u00e5 ret til indsigt i, hvilke oplysninger, der er registreret om dig. Disse rettigheder har du efter Persondataloven.<\/p>\n<p>Should you want insight into your registered information, or want to complain, we ask you to write to us at <a href=\"mailto:info@Aggersvold.dk\"><span style=\"text-decoration: underline;\">info@aggersvoldgods.dk<\/span><\/a>.<\/p>\n<p>You also have the opportunity to complain to the Danish Data Protection Agency or the Center for Complaint Search.<\/p>\n<p><!-- \/wp:paragraph --><\/p>\t\t\t\t\t\t\t\t<\/div>\n\t\t\t\t<\/div>\n\t\t\t\t\t<\/div>\n\t\t<\/div>\n\t\t\t\t\t<\/div>\n\t\t<\/section>\n\t\t\t\t<\/div>","protected":false},"excerpt":{"rendered":"<p>Handelsbetingelser Ved betaling eller accept af event booking indg\u00e5s der aftale med: Aggersvold Hotel &#038; Konference A\/STornbrinken 24, 4450 Jyderup Konto oplysninger: 7134-0001055854IBAN: DK7871340001055854BIC\/Swift: JYBADKKKCVR:\u00a039705273EAN: 5797200119872 1. BetalingBetaling sker via vores hjemmeside med betalingskort eller MobilePay \u2013 eller via bankoverf\u00f8rsel, &hellip; <a href=\"https:\/\/aggersvoldgods.dk\/en\/handelsbetingelser\/\">Read More<\/a><\/p>","protected":false},"author":1,"featured_media":0,"parent":0,"menu_order":0,"comment_status":"closed","ping_status":"closed","template":"elementor_header_footer","meta":{"footnotes":""},"class_list":["post-9411","page","type-page","status-publish","hentry"],"yoast_head":"<!-- This site is optimized with the Yoast SEO Premium plugin v27.6 (Yoast SEO v27.6) - https:\/\/yoast.com\/product\/yoast-seo-premium-wordpress\/ -->\n<title>Handelsbetingelser | Aggersvold Gods<\/title>\n<meta name=\"robots\" content=\"noindex, follow\" \/>\n<meta property=\"og:locale\" content=\"en_GB\" \/>\n<meta property=\"og:type\" content=\"article\" \/>\n<meta property=\"og:title\" content=\"Handelsbetingelser\" \/>\n<meta property=\"og:description\" content=\"Handelsbetingelser Ved betaling eller accept af event booking indg\u00e5s der aftale med: Aggersvold Hotel &amp; Konference A\/STornbrinken 24, 4450 Jyderup\" \/>\n<meta property=\"og:url\" content=\"https:\/\/aggersvoldgods.dk\/en\/terms-and-conditions\/\" \/>\n<meta property=\"og:site_name\" content=\"Aggersvold Gods\" \/>\n<meta property=\"article:publisher\" content=\"https:\/\/www.facebook.com\/search\/top?q=AggersvoldGods\" \/>\n<meta property=\"article:modified_time\" content=\"2026-04-28T10:50:51+00:00\" \/>\n<meta name=\"twitter:card\" content=\"summary_large_image\" \/>\n<meta name=\"twitter:label1\" content=\"Estimated reading time\" \/>\n\t<meta name=\"twitter:data1\" content=\"3 minutes\" \/>\n<script type=\"application\/ld+json\" class=\"yoast-schema-graph\">{\"@context\":\"https:\\\/\\\/schema.org\",\"@graph\":[{\"@type\":\"WebPage\",\"@id\":\"https:\\\/\\\/aggersvoldgods.dk\\\/handelsbetingelser\\\/\",\"url\":\"https:\\\/\\\/aggersvoldgods.dk\\\/handelsbetingelser\\\/\",\"name\":\"Handelsbetingelser | Aggersvold Gods\",\"isPartOf\":{\"@id\":\"https:\\\/\\\/aggersvoldgods.dk\\\/#website\"},\"datePublished\":\"2026-04-27T09:14:39+00:00\",\"dateModified\":\"2026-04-28T10:50:51+00:00\",\"breadcrumb\":{\"@id\":\"https:\\\/\\\/aggersvoldgods.dk\\\/handelsbetingelser\\\/#breadcrumb\"},\"inLanguage\":\"en-GB\",\"potentialAction\":[{\"@type\":\"ReadAction\",\"target\":[\"https:\\\/\\\/aggersvoldgods.dk\\\/handelsbetingelser\\\/\"]}]},{\"@type\":\"BreadcrumbList\",\"@id\":\"https:\\\/\\\/aggersvoldgods.dk\\\/handelsbetingelser\\\/#breadcrumb\",\"itemListElement\":[{\"@type\":\"ListItem\",\"position\":1,\"name\":\"Hjem\",\"item\":\"https:\\\/\\\/aggersvoldgods.dk\\\/\"},{\"@type\":\"ListItem\",\"position\":2,\"name\":\"Handelsbetingelser\"}]},{\"@type\":\"WebSite\",\"@id\":\"https:\\\/\\\/aggersvoldgods.dk\\\/#website\",\"url\":\"https:\\\/\\\/aggersvoldgods.dk\\\/\",\"name\":\"Aggersvold Gods\",\"description\":\"Hotel &amp; Konference\",\"publisher\":{\"@id\":\"https:\\\/\\\/aggersvoldgods.dk\\\/#organization\"},\"potentialAction\":[{\"@type\":\"SearchAction\",\"target\":{\"@type\":\"EntryPoint\",\"urlTemplate\":\"https:\\\/\\\/aggersvoldgods.dk\\\/?s={search_term_string}\"},\"query-input\":{\"@type\":\"PropertyValueSpecification\",\"valueRequired\":true,\"valueName\":\"search_term_string\"}}],\"inLanguage\":\"en-GB\"},{\"@type\":\"Organization\",\"@id\":\"https:\\\/\\\/aggersvoldgods.dk\\\/#organization\",\"name\":\"Aggersvold Gods\",\"url\":\"https:\\\/\\\/aggersvoldgods.dk\\\/\",\"logo\":{\"@type\":\"ImageObject\",\"inLanguage\":\"en-GB\",\"@id\":\"https:\\\/\\\/aggersvoldgods.dk\\\/#\\\/schema\\\/logo\\\/image\\\/\",\"url\":\"https:\\\/\\\/aggersvoldgods.dk\\\/wp-content\\\/uploads\\\/2021\\\/03\\\/Google-profile_1000x1000.jpg\",\"contentUrl\":\"https:\\\/\\\/aggersvoldgods.dk\\\/wp-content\\\/uploads\\\/2021\\\/03\\\/Google-profile_1000x1000.jpg\",\"width\":1000,\"height\":1000,\"caption\":\"Aggersvold Gods\"},\"image\":{\"@id\":\"https:\\\/\\\/aggersvoldgods.dk\\\/#\\\/schema\\\/logo\\\/image\\\/\"},\"sameAs\":[\"https:\\\/\\\/www.facebook.com\\\/search\\\/top?q=AggersvoldGods\",\"https:\\\/\\\/www.instagram.com\\\/aggersvoldgods\\\/\"]}]}<\/script>\n<!-- \/ Yoast SEO Premium plugin. -->","yoast_head_json":{"title":"Terms &amp; Conditions | Aggersvold Gods","robots":{"index":"noindex","follow":"follow"},"og_locale":"en_GB","og_type":"article","og_title":"Handelsbetingelser","og_description":"Handelsbetingelser Ved betaling eller accept af event booking indg\u00e5s der aftale med: Aggersvold Hotel &amp; Konference A\/STornbrinken 24, 4450 Jyderup","og_url":"https:\/\/aggersvoldgods.dk\/en\/terms-and-conditions\/","og_site_name":"Aggersvold Gods","article_publisher":"https:\/\/www.facebook.com\/search\/top?q=AggersvoldGods","article_modified_time":"2026-04-28T10:50:51+00:00","twitter_card":"summary_large_image","twitter_misc":{"Estimated reading time":"3 minutes"},"schema":{"@context":"https:\/\/schema.org","@graph":[{"@type":"WebPage","@id":"https:\/\/aggersvoldgods.dk\/handelsbetingelser\/","url":"https:\/\/aggersvoldgods.dk\/handelsbetingelser\/","name":"Terms &amp; Conditions | Aggersvold Gods","isPartOf":{"@id":"https:\/\/aggersvoldgods.dk\/#website"},"datePublished":"2026-04-27T09:14:39+00:00","dateModified":"2026-04-28T10:50:51+00:00","breadcrumb":{"@id":"https:\/\/aggersvoldgods.dk\/handelsbetingelser\/#breadcrumb"},"inLanguage":"en-GB","potentialAction":[{"@type":"ReadAction","target":["https:\/\/aggersvoldgods.dk\/handelsbetingelser\/"]}]},{"@type":"BreadcrumbList","@id":"https:\/\/aggersvoldgods.dk\/handelsbetingelser\/#breadcrumb","itemListElement":[{"@type":"ListItem","position":1,"name":"Hjem","item":"https:\/\/aggersvoldgods.dk\/"},{"@type":"ListItem","position":2,"name":"Handelsbetingelser"}]},{"@type":"WebSite","@id":"https:\/\/aggersvoldgods.dk\/#website","url":"https:\/\/aggersvoldgods.dk\/","name":"Aggersvold Gods","description":"Hotel &amp; Conference","publisher":{"@id":"https:\/\/aggersvoldgods.dk\/#organization"},"potentialAction":[{"@type":"SearchAction","target":{"@type":"EntryPoint","urlTemplate":"https:\/\/aggersvoldgods.dk\/?s={search_term_string}"},"query-input":{"@type":"PropertyValueSpecification","valueRequired":true,"valueName":"search_term_string"}}],"inLanguage":"en-GB"},{"@type":"Organization","@id":"https:\/\/aggersvoldgods.dk\/#organization","name":"Aggersvold Gods","url":"https:\/\/aggersvoldgods.dk\/","logo":{"@type":"ImageObject","inLanguage":"en-GB","@id":"https:\/\/aggersvoldgods.dk\/#\/schema\/logo\/image\/","url":"https:\/\/aggersvoldgods.dk\/wp-content\/uploads\/2021\/03\/Google-profile_1000x1000.jpg","contentUrl":"https:\/\/aggersvoldgods.dk\/wp-content\/uploads\/2021\/03\/Google-profile_1000x1000.jpg","width":1000,"height":1000,"caption":"Aggersvold Gods"},"image":{"@id":"https:\/\/aggersvoldgods.dk\/#\/schema\/logo\/image\/"},"sameAs":["https:\/\/www.facebook.com\/search\/top?q=AggersvoldGods","https:\/\/www.instagram.com\/aggersvoldgods\/"]}]}},"_links":{"self":[{"href":"https:\/\/aggersvoldgods.dk\/en\/wp-json\/wp\/v2\/pages\/9411","targetHints":{"allow":["GET"]}}],"collection":[{"href":"https:\/\/aggersvoldgods.dk\/en\/wp-json\/wp\/v2\/pages"}],"about":[{"href":"https:\/\/aggersvoldgods.dk\/en\/wp-json\/wp\/v2\/types\/page"}],"author":[{"embeddable":true,"href":"https:\/\/aggersvoldgods.dk\/en\/wp-json\/wp\/v2\/users\/1"}],"replies":[{"embeddable":true,"href":"https:\/\/aggersvoldgods.dk\/en\/wp-json\/wp\/v2\/comments?post=9411"}],"version-history":[{"count":9,"href":"https:\/\/aggersvoldgods.dk\/en\/wp-json\/wp\/v2\/pages\/9411\/revisions"}],"predecessor-version":[{"id":10209,"href":"https:\/\/aggersvoldgods.dk\/en\/wp-json\/wp\/v2\/pages\/9411\/revisions\/10209"}],"wp:attachment":[{"href":"https:\/\/aggersvoldgods.dk\/en\/wp-json\/wp\/v2\/media?parent=9411"}],"curies":[{"name":"wp","href":"https:\/\/api.w.org\/{rel}","templated":true}]}}