{"id":8984,"date":"2025-05-16T13:27:00","date_gmt":"2025-05-16T11:27:00","guid":{"rendered":"https:\/\/aggersvoldgods.dk\/?page_id=8984"},"modified":"2025-05-19T14:06:46","modified_gmt":"2025-05-19T12:06:46","slug":"loppemarked-den-22-juni-2025","status":"publish","type":"page","link":"https:\/\/aggersvoldgods.dk\/en\/loppemarked-den-22-juni-2025\/","title":{"rendered":"Loppemarked den 22. juni 2025"},"content":{"rendered":"<div data-elementor-type=\"wp-page\" data-elementor-id=\"8984\" class=\"elementor elementor-8984\" data-elementor-post-type=\"page\">\n\t\t\t\t\t\t<section class=\"elementor-section elementor-top-section elementor-element elementor-element-6f0375e1 elementor-section-boxed elementor-section-height-default elementor-section-height-default\" data-id=\"6f0375e1\" data-element_type=\"section\" data-e-type=\"section\" data-settings=\"{&quot;background_background&quot;:&quot;classic&quot;}\">\n\t\t\t\t\t\t<div class=\"elementor-container elementor-column-gap-default\">\n\t\t\t\t\t<div class=\"elementor-column elementor-col-100 elementor-top-column elementor-element elementor-element-5d97a229\" data-id=\"5d97a229\" data-element_type=\"column\" data-e-type=\"column\">\n\t\t\t<div class=\"elementor-widget-wrap elementor-element-populated\">\n\t\t\t\t\t\t<div class=\"elementor-element elementor-element-44948dcc e-transform e-transform elementor-widget elementor-widget-heading\" data-id=\"44948dcc\" data-element_type=\"widget\" data-e-type=\"widget\" data-settings=\"{&quot;_transform_scale_effect_mobile&quot;:{&quot;unit&quot;:&quot;px&quot;,&quot;size&quot;:0.8,&quot;sizes&quot;:[]},&quot;_transform_translateX_effect&quot;:{&quot;unit&quot;:&quot;px&quot;,&quot;size&quot;:&quot;&quot;,&quot;sizes&quot;:[]},&quot;_transform_translateX_effect_tablet&quot;:{&quot;unit&quot;:&quot;px&quot;,&quot;size&quot;:&quot;&quot;,&quot;sizes&quot;:[]},&quot;_transform_translateX_effect_mobile&quot;:{&quot;unit&quot;:&quot;px&quot;,&quot;size&quot;:&quot;&quot;,&quot;sizes&quot;:[]},&quot;_transform_translateY_effect&quot;:{&quot;unit&quot;:&quot;px&quot;,&quot;size&quot;:&quot;&quot;,&quot;sizes&quot;:[]},&quot;_transform_translateY_effect_tablet&quot;:{&quot;unit&quot;:&quot;px&quot;,&quot;size&quot;:&quot;&quot;,&quot;sizes&quot;:[]},&quot;_transform_translateY_effect_mobile&quot;:{&quot;unit&quot;:&quot;px&quot;,&quot;size&quot;:&quot;&quot;,&quot;sizes&quot;:[]},&quot;_transform_scale_effect&quot;:{&quot;unit&quot;:&quot;px&quot;,&quot;size&quot;:&quot;&quot;,&quot;sizes&quot;:[]},&quot;_transform_scale_effect_tablet&quot;:{&quot;unit&quot;:&quot;px&quot;,&quot;size&quot;:&quot;&quot;,&quot;sizes&quot;:[]}}\" data-widget_type=\"heading.default\">\n\t\t\t\t<div class=\"elementor-widget-container\">\n\t\t\t\t\t<h1 class=\"elementor-heading-title elementor-size-xl\">Loppemarked p\u00e5 Aggersvold Gods<\/h1>\t\t\t\t<\/div>\n\t\t\t\t<\/div>\n\t\t\t\t<div class=\"elementor-element elementor-element-9468288 elementor-skin-carousel elementor-arrows-yes elementor-widget elementor-widget-media-carousel\" data-id=\"9468288\" data-element_type=\"widget\" data-e-type=\"widget\" data-settings=\"{&quot;skin&quot;:&quot;carousel&quot;,&quot;effect&quot;:&quot;slide&quot;,&quot;show_arrows&quot;:&quot;yes&quot;,&quot;speed&quot;:500,&quot;autoplay&quot;:&quot;yes&quot;,&quot;autoplay_speed&quot;:5000,&quot;loop&quot;:&quot;yes&quot;,&quot;pause_on_hover&quot;:&quot;yes&quot;,&quot;pause_on_interaction&quot;:&quot;yes&quot;,&quot;space_between&quot;:{&quot;unit&quot;:&quot;px&quot;,&quot;size&quot;:10,&quot;sizes&quot;:[]},&quot;space_between_tablet&quot;:{&quot;unit&quot;:&quot;px&quot;,&quot;size&quot;:10,&quot;sizes&quot;:[]},&quot;space_between_mobile&quot;:{&quot;unit&quot;:&quot;px&quot;,&quot;size&quot;:10,&quot;sizes&quot;:[]}}\" data-widget_type=\"media-carousel.default\">\n\t\t\t\t<div class=\"elementor-widget-container\">\n\t\t\t\t\t\t\t\t\t<div class=\"elementor-swiper\">\n\t\t\t\t\t<div class=\"elementor-main-swiper swiper\" role=\"region\" aria-roledescription=\"carousel\" aria-label=\"Dias (slides)\">\n\t\t\t\t<div class=\"swiper-wrapper\">\n\t\t\t\t\t\t\t\t\t\t\t<div class=\"swiper-slide\" role=\"group\" aria-roledescription=\"slide\">\n\t\t\t\t\t\t\t\t\t<div class=\"elementor-carousel-image\" role=\"img\" aria-label=\"loppe1\" style=\"background-image: url(&#039;https:\/\/aggersvoldgods.dk\/wp-content\/uploads\/2025\/05\/loppe1.png&#039;)\">\n\n\t\t\t\n\t\t\t\t\t<\/div>\n\t\t\t\t\t\t\t\t<\/div>\n\t\t\t\t\t\t\t\t\t\t\t<div class=\"swiper-slide\" role=\"group\" aria-roledescription=\"slide\">\n\t\t\t\t\t\t\t\t\t<div class=\"elementor-carousel-image\" role=\"img\" aria-label=\"loppe2\" style=\"background-image: url(&#039;https:\/\/aggersvoldgods.dk\/wp-content\/uploads\/2025\/05\/loppe2.png&#039;)\">\n\n\t\t\t\n\t\t\t\t\t<\/div>\n\t\t\t\t\t\t\t\t<\/div>\n\t\t\t\t\t\t\t\t\t\t\t<div class=\"swiper-slide\" role=\"group\" aria-roledescription=\"slide\">\n\t\t\t\t\t\t\t\t\t<div class=\"elementor-carousel-image\" role=\"img\" aria-label=\"loppe3\" style=\"background-image: url(&#039;https:\/\/aggersvoldgods.dk\/wp-content\/uploads\/2025\/05\/loppe3.png&#039;)\">\n\n\t\t\t\n\t\t\t\t\t<\/div>\n\t\t\t\t\t\t\t\t<\/div>\n\t\t\t\t\t\t\t\t\t<\/div>\n\t\t\t\t\t\t\t\t\t\t\t\t\t\t\t<div class=\"elementor-swiper-button elementor-swiper-button-prev\" role=\"button\" tabindex=\"0\" aria-label=\"Previous\">\n\t\t\t\t\t\t\t<i aria-hidden=\"true\" class=\"eicon-chevron-left\"><\/i>\t\t\t\t\t\t<\/div>\n\t\t\t\t\t\t<div class=\"elementor-swiper-button elementor-swiper-button-next\" role=\"button\" tabindex=\"0\" aria-label=\"Next\">\n\t\t\t\t\t\t\t<i aria-hidden=\"true\" class=\"eicon-chevron-right\"><\/i>\t\t\t\t\t\t<\/div>\n\t\t\t\t\t\t\t\t\t\t\t\t\t\t\t\t\t<\/div>\n\t\t\t\t<\/div>\n\t\t\t\t\t\t\t\t<\/div>\n\t\t\t\t<\/div>\n\t\t\t\t<div class=\"elementor-element elementor-element-2108645a elementor-widget elementor-widget-text-editor\" data-id=\"2108645a\" data-element_type=\"widget\" data-e-type=\"widget\" data-widget_type=\"text-editor.default\">\n\t\t\t\t<div class=\"elementor-widget-container\">\n\t\t\t\t\t\t\t\t\t<p><strong>Kom til hyggeligt loppemarked p\u00e5 det smukke Aggersvold Gods i Jyderup! S\u00f8ndag den 22. juni kl. 10\u201315 \u00e5bner vi portene til en dag fyldt med loppeguld, hyggelige boder og gode fund i unikke omgivelser.<\/strong><\/p><p>\ud83d\uddd3 S\u00f8ndag den 22. juni 2025<br \/>\ud83d\udd59 Kl. 10.00\u201315.00<br \/>\ud83d\udccd Tornbrinken 24, 4450 Jyderup<\/p><p>\ud83c\udf9f Gratis entr\u00e9<\/p><p>Der er noget for b\u00e5de b\u00f8rn og voksne \u2013 tag hele familien med! Der vil v\u00e6re kaffe, kage, kolde drikke og masser af hygge \u2013 og havespil p\u00e5 gr\u00e6sarealerne.<\/p>\t\t\t\t\t\t\t\t<\/div>\n\t\t\t\t<\/div>\n\t\t\t\t<div class=\"elementor-element elementor-element-61e6047 elementor-widget elementor-widget-text-editor\" data-id=\"61e6047\" data-element_type=\"widget\" data-e-type=\"widget\" data-widget_type=\"text-editor.default\">\n\t\t\t\t<div class=\"elementor-widget-container\">\n\t\t\t\t\t\t\t\t\t<h2><b>\ud83d\udc49 Vil du booke en stand?<\/b><\/h2><p>Send en mail til <span style=\"text-decoration: underline;\"><a href=\"mailto:sc@aggersvold.dk\">sc@aggersvold.dk<\/a><\/span> \u2013 der er Early Bird-priser frem til 25. maj!<\/p><p><strong>EARLY BIRD stand-priser:<\/strong><\/p><p><span style=\"color: inherit; font-family: inherit; font-size: inherit; font-style: inherit; font-weight: inherit;\">Indend\u00f8rs stand inkl. bord:<\/span><\/p><p>Stor (200 x 90 cm) \u2013 225 kr. <br \/>Lille (180 x 75 cm) \u2013 200 kr.<\/p><p>Udend\u00f8rs stand:<\/p><p>Medbring selv bord (max 200 cm) \u2013 150 kr.<\/p><p><i>OBS! Efter den 25. maj h\u00e6ves alle priserne med 50 kr.<\/i><\/p><p>Tilk\u00f8b leje af stol til standen\u00a0\u2013\u00a025 kr.<\/p><p>Vi gl\u00e6der os til at se jer!\u00a0<\/p>\t\t\t\t\t\t\t\t<\/div>\n\t\t\t\t<\/div>\n\t\t\t\t\t<\/div>\n\t\t<\/div>\n\t\t\t\t\t<\/div>\n\t\t<\/section>\n\t\t\t\t<\/div>","protected":false},"excerpt":{"rendered":"<p>Loppemarked p\u00e5 Aggersvold Gods Kom til hyggeligt loppemarked p\u00e5 det smukke Aggersvold Gods i Jyderup! S\u00f8ndag den 22. juni kl. 10\u201315 \u00e5bner vi portene til en dag fyldt med loppeguld, hyggelige boder og gode fund i unikke omgivelser. ? S\u00f8ndag &hellip; <a href=\"https:\/\/aggersvoldgods.dk\/en\/loppemarked-den-22-juni-2025\/\">Read More<\/a><\/p>","protected":false},"author":1,"featured_media":8987,"parent":0,"menu_order":0,"comment_status":"closed","ping_status":"closed","template":"","meta":{"footnotes":""},"class_list":["post-8984","page","type-page","status-publish","has-post-thumbnail","hentry"],"yoast_head":"<!-- This site is optimized with the Yoast SEO Premium plugin v27.3 (Yoast SEO v27.3) - https:\/\/yoast.com\/product\/yoast-seo-premium-wordpress\/ -->\n<title>Loppemarked den 22. juni 2025 | Aggersvold Gods<\/title>\n<meta name=\"robots\" content=\"index, follow, max-snippet:-1, max-image-preview:large, max-video-preview:-1\" \/>\n<link rel=\"canonical\" href=\"https:\/\/aggersvoldgods.dk\/en\/loppemarked-den-22-juni-2025\/\" \/>\n<meta property=\"og:locale\" content=\"en_GB\" \/>\n<meta property=\"og:type\" content=\"article\" \/>\n<meta property=\"og:title\" content=\"Loppemarked den 22. juni 2025\" \/>\n<meta property=\"og:description\" content=\"Loppemarked p\u00e5 Aggersvold Gods Kom til hyggeligt loppemarked p\u00e5 det smukke Aggersvold Gods i Jyderup! S\u00f8ndag den 22. juni kl. 10\u201315 \u00e5bner vi portene til\" \/>\n<meta property=\"og:url\" content=\"https:\/\/aggersvoldgods.dk\/en\/loppemarked-den-22-juni-2025\/\" \/>\n<meta property=\"og:site_name\" content=\"Aggersvold Gods\" \/>\n<meta property=\"article:publisher\" content=\"https:\/\/www.facebook.com\/search\/top?q=AggersvoldGods\" \/>\n<meta property=\"article:modified_time\" content=\"2025-05-19T12:06:46+00:00\" \/>\n<meta property=\"og:image\" content=\"https:\/\/aggersvoldgods.dk\/wp-content\/uploads\/2025\/05\/loppe1-819x1024.png\" \/>\n\t<meta property=\"og:image:width\" content=\"819\" \/>\n\t<meta property=\"og:image:height\" content=\"1024\" \/>\n\t<meta property=\"og:image:type\" content=\"image\/png\" \/>\n<meta name=\"twitter:card\" content=\"summary_large_image\" \/>\n<meta name=\"twitter:label1\" content=\"Estimated reading time\" \/>\n\t<meta name=\"twitter:data1\" content=\"1 minute\" \/>\n<script type=\"application\/ld+json\" class=\"yoast-schema-graph\">{\"@context\":\"https:\\\/\\\/schema.org\",\"@graph\":[{\"@type\":\"WebPage\",\"@id\":\"https:\\\/\\\/aggersvoldgods.dk\\\/loppemarked-den-22-juni-2025\\\/\",\"url\":\"https:\\\/\\\/aggersvoldgods.dk\\\/loppemarked-den-22-juni-2025\\\/\",\"name\":\"Loppemarked den 22. juni 2025 | Aggersvold Gods\",\"isPartOf\":{\"@id\":\"https:\\\/\\\/aggersvoldgods.dk\\\/#website\"},\"primaryImageOfPage\":{\"@id\":\"https:\\\/\\\/aggersvoldgods.dk\\\/loppemarked-den-22-juni-2025\\\/#primaryimage\"},\"image\":{\"@id\":\"https:\\\/\\\/aggersvoldgods.dk\\\/loppemarked-den-22-juni-2025\\\/#primaryimage\"},\"thumbnailUrl\":\"https:\\\/\\\/aggersvoldgods.dk\\\/wp-content\\\/uploads\\\/2025\\\/05\\\/loppe1.png\",\"datePublished\":\"2025-05-16T11:27:00+00:00\",\"dateModified\":\"2025-05-19T12:06:46+00:00\",\"breadcrumb\":{\"@id\":\"https:\\\/\\\/aggersvoldgods.dk\\\/loppemarked-den-22-juni-2025\\\/#breadcrumb\"},\"inLanguage\":\"en-GB\",\"potentialAction\":[{\"@type\":\"ReadAction\",\"target\":[\"https:\\\/\\\/aggersvoldgods.dk\\\/loppemarked-den-22-juni-2025\\\/\"]}]},{\"@type\":\"ImageObject\",\"inLanguage\":\"en-GB\",\"@id\":\"https:\\\/\\\/aggersvoldgods.dk\\\/loppemarked-den-22-juni-2025\\\/#primaryimage\",\"url\":\"https:\\\/\\\/aggersvoldgods.dk\\\/wp-content\\\/uploads\\\/2025\\\/05\\\/loppe1.png\",\"contentUrl\":\"https:\\\/\\\/aggersvoldgods.dk\\\/wp-content\\\/uploads\\\/2025\\\/05\\\/loppe1.png\",\"width\":1080,\"height\":1350},{\"@type\":\"BreadcrumbList\",\"@id\":\"https:\\\/\\\/aggersvoldgods.dk\\\/loppemarked-den-22-juni-2025\\\/#breadcrumb\",\"itemListElement\":[{\"@type\":\"ListItem\",\"position\":1,\"name\":\"Hjem\",\"item\":\"https:\\\/\\\/aggersvoldgods.dk\\\/\"},{\"@type\":\"ListItem\",\"position\":2,\"name\":\"Loppemarked den 22. juni 2025\"}]},{\"@type\":\"WebSite\",\"@id\":\"https:\\\/\\\/aggersvoldgods.dk\\\/#website\",\"url\":\"https:\\\/\\\/aggersvoldgods.dk\\\/\",\"name\":\"Aggersvold Gods\",\"description\":\"Hotel &amp; Konference\",\"publisher\":{\"@id\":\"https:\\\/\\\/aggersvoldgods.dk\\\/#organization\"},\"potentialAction\":[{\"@type\":\"SearchAction\",\"target\":{\"@type\":\"EntryPoint\",\"urlTemplate\":\"https:\\\/\\\/aggersvoldgods.dk\\\/?s={search_term_string}\"},\"query-input\":{\"@type\":\"PropertyValueSpecification\",\"valueRequired\":true,\"valueName\":\"search_term_string\"}}],\"inLanguage\":\"en-GB\"},{\"@type\":\"Organization\",\"@id\":\"https:\\\/\\\/aggersvoldgods.dk\\\/#organization\",\"name\":\"Aggersvold Gods\",\"url\":\"https:\\\/\\\/aggersvoldgods.dk\\\/\",\"logo\":{\"@type\":\"ImageObject\",\"inLanguage\":\"en-GB\",\"@id\":\"https:\\\/\\\/aggersvoldgods.dk\\\/#\\\/schema\\\/logo\\\/image\\\/\",\"url\":\"https:\\\/\\\/aggersvoldgods.dk\\\/wp-content\\\/uploads\\\/2021\\\/03\\\/Google-profile_1000x1000.jpg\",\"contentUrl\":\"https:\\\/\\\/aggersvoldgods.dk\\\/wp-content\\\/uploads\\\/2021\\\/03\\\/Google-profile_1000x1000.jpg\",\"width\":1000,\"height\":1000,\"caption\":\"Aggersvold Gods\"},\"image\":{\"@id\":\"https:\\\/\\\/aggersvoldgods.dk\\\/#\\\/schema\\\/logo\\\/image\\\/\"},\"sameAs\":[\"https:\\\/\\\/www.facebook.com\\\/search\\\/top?q=AggersvoldGods\",\"https:\\\/\\\/www.instagram.com\\\/aggersvoldgods\\\/\"]}]}<\/script>\n<!-- \/ Yoast SEO Premium plugin. -->","yoast_head_json":{"title":"Loppemarked den 22. juni 2025 | Aggersvold Gods","robots":{"index":"index","follow":"follow","max-snippet":"max-snippet:-1","max-image-preview":"max-image-preview:large","max-video-preview":"max-video-preview:-1"},"canonical":"https:\/\/aggersvoldgods.dk\/en\/loppemarked-den-22-juni-2025\/","og_locale":"en_GB","og_type":"article","og_title":"Loppemarked den 22. juni 2025","og_description":"Loppemarked p\u00e5 Aggersvold Gods Kom til hyggeligt loppemarked p\u00e5 det smukke Aggersvold Gods i Jyderup! S\u00f8ndag den 22. juni kl. 10\u201315 \u00e5bner vi portene til","og_url":"https:\/\/aggersvoldgods.dk\/en\/loppemarked-den-22-juni-2025\/","og_site_name":"Aggersvold Gods","article_publisher":"https:\/\/www.facebook.com\/search\/top?q=AggersvoldGods","article_modified_time":"2025-05-19T12:06:46+00:00","og_image":[{"width":819,"height":1024,"url":"https:\/\/aggersvoldgods.dk\/wp-content\/uploads\/2025\/05\/loppe1-819x1024.png","type":"image\/png"}],"twitter_card":"summary_large_image","twitter_misc":{"Estimated reading time":"1 minute"},"schema":{"@context":"https:\/\/schema.org","@graph":[{"@type":"WebPage","@id":"https:\/\/aggersvoldgods.dk\/loppemarked-den-22-juni-2025\/","url":"https:\/\/aggersvoldgods.dk\/loppemarked-den-22-juni-2025\/","name":"Loppemarked den 22. juni 2025 | Aggersvold Gods","isPartOf":{"@id":"https:\/\/aggersvoldgods.dk\/#website"},"primaryImageOfPage":{"@id":"https:\/\/aggersvoldgods.dk\/loppemarked-den-22-juni-2025\/#primaryimage"},"image":{"@id":"https:\/\/aggersvoldgods.dk\/loppemarked-den-22-juni-2025\/#primaryimage"},"thumbnailUrl":"https:\/\/aggersvoldgods.dk\/wp-content\/uploads\/2025\/05\/loppe1.png","datePublished":"2025-05-16T11:27:00+00:00","dateModified":"2025-05-19T12:06:46+00:00","breadcrumb":{"@id":"https:\/\/aggersvoldgods.dk\/loppemarked-den-22-juni-2025\/#breadcrumb"},"inLanguage":"en-GB","potentialAction":[{"@type":"ReadAction","target":["https:\/\/aggersvoldgods.dk\/loppemarked-den-22-juni-2025\/"]}]},{"@type":"ImageObject","inLanguage":"en-GB","@id":"https:\/\/aggersvoldgods.dk\/loppemarked-den-22-juni-2025\/#primaryimage","url":"https:\/\/aggersvoldgods.dk\/wp-content\/uploads\/2025\/05\/loppe1.png","contentUrl":"https:\/\/aggersvoldgods.dk\/wp-content\/uploads\/2025\/05\/loppe1.png","width":1080,"height":1350},{"@type":"BreadcrumbList","@id":"https:\/\/aggersvoldgods.dk\/loppemarked-den-22-juni-2025\/#breadcrumb","itemListElement":[{"@type":"ListItem","position":1,"name":"Hjem","item":"https:\/\/aggersvoldgods.dk\/"},{"@type":"ListItem","position":2,"name":"Loppemarked den 22. juni 2025"}]},{"@type":"WebSite","@id":"https:\/\/aggersvoldgods.dk\/#website","url":"https:\/\/aggersvoldgods.dk\/","name":"Aggersvold Gods","description":"Hotel &amp; Konference","publisher":{"@id":"https:\/\/aggersvoldgods.dk\/#organization"},"potentialAction":[{"@type":"SearchAction","target":{"@type":"EntryPoint","urlTemplate":"https:\/\/aggersvoldgods.dk\/?s={search_term_string}"},"query-input":{"@type":"PropertyValueSpecification","valueRequired":true,"valueName":"search_term_string"}}],"inLanguage":"en-GB"},{"@type":"Organization","@id":"https:\/\/aggersvoldgods.dk\/#organization","name":"Aggersvold Gods","url":"https:\/\/aggersvoldgods.dk\/","logo":{"@type":"ImageObject","inLanguage":"en-GB","@id":"https:\/\/aggersvoldgods.dk\/#\/schema\/logo\/image\/","url":"https:\/\/aggersvoldgods.dk\/wp-content\/uploads\/2021\/03\/Google-profile_1000x1000.jpg","contentUrl":"https:\/\/aggersvoldgods.dk\/wp-content\/uploads\/2021\/03\/Google-profile_1000x1000.jpg","width":1000,"height":1000,"caption":"Aggersvold Gods"},"image":{"@id":"https:\/\/aggersvoldgods.dk\/#\/schema\/logo\/image\/"},"sameAs":["https:\/\/www.facebook.com\/search\/top?q=AggersvoldGods","https:\/\/www.instagram.com\/aggersvoldgods\/"]}]}},"_links":{"self":[{"href":"https:\/\/aggersvoldgods.dk\/en\/wp-json\/wp\/v2\/pages\/8984","targetHints":{"allow":["GET"]}}],"collection":[{"href":"https:\/\/aggersvoldgods.dk\/en\/wp-json\/wp\/v2\/pages"}],"about":[{"href":"https:\/\/aggersvoldgods.dk\/en\/wp-json\/wp\/v2\/types\/page"}],"author":[{"embeddable":true,"href":"https:\/\/aggersvoldgods.dk\/en\/wp-json\/wp\/v2\/users\/1"}],"replies":[{"embeddable":true,"href":"https:\/\/aggersvoldgods.dk\/en\/wp-json\/wp\/v2\/comments?post=8984"}],"version-history":[{"count":16,"href":"https:\/\/aggersvoldgods.dk\/en\/wp-json\/wp\/v2\/pages\/8984\/revisions"}],"predecessor-version":[{"id":9005,"href":"https:\/\/aggersvoldgods.dk\/en\/wp-json\/wp\/v2\/pages\/8984\/revisions\/9005"}],"wp:featuredmedia":[{"embeddable":true,"href":"https:\/\/aggersvoldgods.dk\/en\/wp-json\/wp\/v2\/media\/8987"}],"wp:attachment":[{"href":"https:\/\/aggersvoldgods.dk\/en\/wp-json\/wp\/v2\/media?parent=8984"}],"curies":[{"name":"wp","href":"https:\/\/api.w.org\/{rel}","templated":true}]}}