{"id":6566,"date":"2023-03-08T11:56:19","date_gmt":"2023-03-08T10:56:19","guid":{"rendered":"https:\/\/aggersvoldgods.dk\/?page_id=6566"},"modified":"2024-03-19T10:48:35","modified_gmt":"2024-03-19T09:48:35","slug":"find-your-way-around","status":"publish","type":"page","link":"https:\/\/aggersvoldgods.dk\/en\/find-vej\/","title":{"rendered":"Find vej"},"content":{"rendered":"<div data-elementor-type=\"wp-page\" data-elementor-id=\"6566\" class=\"elementor elementor-6566\" data-elementor-post-type=\"page\">\n\t\t\t\t\t\t<section class=\"elementor-section elementor-top-section elementor-element elementor-element-46d27402 elementor-section-boxed elementor-section-height-default elementor-section-height-default\" data-id=\"46d27402\" data-element_type=\"section\" data-e-type=\"section\" data-settings=\"{&quot;background_background&quot;:&quot;classic&quot;}\">\n\t\t\t\t\t\t<div class=\"elementor-container elementor-column-gap-default\">\n\t\t\t\t\t<div class=\"elementor-column elementor-col-100 elementor-top-column elementor-element elementor-element-4320be2b\" data-id=\"4320be2b\" data-element_type=\"column\" data-e-type=\"column\">\n\t\t\t<div class=\"elementor-widget-wrap elementor-element-populated\">\n\t\t\t\t\t\t<div class=\"elementor-element elementor-element-11eb0f73 elementor-view-default elementor-position-top elementor-widget elementor-widget-themo-header\" data-id=\"11eb0f73\" data-element_type=\"widget\" data-e-type=\"widget\" data-widget_type=\"themo-header.default\">\n\t\t\t\t<div class=\"elementor-widget-container\">\n\t\t\t\t\t\t\t<div class=\"th-header-wrap\">\n        <div class=\"elementor-icon-box-wrapper\">\n                            <div class=\"elementor-icon-box-content\">\n                    <h1 class=\"elementor-icon-box-title\">\n                        FIND YOUR WAY AROUND                    <\/h1>\n                                        <p class=\"elementor-icon-box-description\"><strong>Welcome to Aggersvold Gods!<\/strong><\/p>\n\n                                    <\/div>\n            <\/div>\n\n        <\/div>\n\n\t\t\t\t\t\t<\/div>\n\t\t\t\t<\/div>\n\t\t\t\t<div class=\"elementor-element elementor-element-509b0926 elementor-widget elementor-widget-image\" data-id=\"509b0926\" data-element_type=\"widget\" data-e-type=\"widget\" data-widget_type=\"image.default\">\n\t\t\t\t<div class=\"elementor-widget-container\">\n\t\t\t\t\t\t\t\t\t\t\t\t\t\t\t<img fetchpriority=\"high\" decoding=\"async\" width=\"868\" height=\"1024\" src=\"https:\/\/aggersvoldgods.dk\/wp-content\/uploads\/2024\/03\/aggersvold_kort_18-03-2024_ny_eng.png\" class=\"attachment-large size-large wp-image-8281\" alt=\"\" srcset=\"https:\/\/aggersvoldgods.dk\/wp-content\/uploads\/2024\/03\/aggersvold_kort_18-03-2024_ny_eng.png 1847w, https:\/\/aggersvoldgods.dk\/wp-content\/uploads\/2024\/03\/aggersvold_kort_18-03-2024_ny_eng-254x300.png 254w, https:\/\/aggersvoldgods.dk\/wp-content\/uploads\/2024\/03\/aggersvold_kort_18-03-2024_ny_eng-868x1024.png 868w, https:\/\/aggersvoldgods.dk\/wp-content\/uploads\/2024\/03\/aggersvold_kort_18-03-2024_ny_eng-768x906.png 768w, https:\/\/aggersvoldgods.dk\/wp-content\/uploads\/2024\/03\/aggersvold_kort_18-03-2024_ny_eng-1302x1536.png 1302w, https:\/\/aggersvoldgods.dk\/wp-content\/uploads\/2024\/03\/aggersvold_kort_18-03-2024_ny_eng-1736x2048.png 1736w, https:\/\/aggersvoldgods.dk\/wp-content\/uploads\/2024\/03\/aggersvold_kort_18-03-2024_ny_eng-10x12.png 10w, https:\/\/aggersvoldgods.dk\/wp-content\/uploads\/2024\/03\/aggersvold_kort_18-03-2024_ny_eng-51x60.png 51w, https:\/\/aggersvoldgods.dk\/wp-content\/uploads\/2024\/03\/aggersvold_kort_18-03-2024_ny_eng-68x80.png 68w, https:\/\/aggersvoldgods.dk\/wp-content\/uploads\/2024\/03\/aggersvold_kort_18-03-2024_ny_eng-257x303.png 257w, https:\/\/aggersvoldgods.dk\/wp-content\/uploads\/2024\/03\/aggersvold_kort_18-03-2024_ny_eng-593x700.png 593w, https:\/\/aggersvoldgods.dk\/wp-content\/uploads\/2024\/03\/aggersvold_kort_18-03-2024_ny_eng-805x950.png 805w, https:\/\/aggersvoldgods.dk\/wp-content\/uploads\/2024\/03\/aggersvold_kort_18-03-2024_ny_eng-915x1080.png 915w\" sizes=\"(max-width: 868px) 100vw, 868px\" \/>\t\t\t\t\t\t\t\t\t\t\t\t\t\t\t<\/div>\n\t\t\t\t<\/div>\n\t\t\t\t<div class=\"elementor-element elementor-element-1340fcd elementor-view-default elementor-position-top elementor-widget elementor-widget-themo-header\" data-id=\"1340fcd\" data-element_type=\"widget\" data-e-type=\"widget\" data-widget_type=\"themo-header.default\">\n\t\t\t\t<div class=\"elementor-widget-container\">\n\t\t\t\t\t\t\t<div class=\"th-header-wrap\">\n        <div class=\"elementor-icon-box-wrapper\">\n                            <div class=\"elementor-icon-box-content\">\n                    <h1 class=\"elementor-icon-box-title\">\n                                            <\/h1>\n                                        <p class=\"elementor-icon-box-description\">Aggersvold is large and composed of several buildings. You will find accommodation in the Stables, the Riding Hall and the Arch House. When you check in at the reception, you will be told where your room is.\n\nEvents, meetings, etc. are held in our facilities, which are found around the estate. The beautiful Stakladen and Kornmagasinet (The Barn and The Store), Rytterstuen, the Orangery and the Machine House, as well as group rooms and other smaller rooms.\n\nIf you want to go for a walk in the area, you are welcome to do so. We have a lovely park where the deer graze and the ducks swim in the lake. In our herb garden, we grow various herbs, fruit and vegetables. Here you are also welcome to pick fresh apples or pears from our fruit trees if you visit us at that time of year.\n\nAnd then of course there is also the forest, which we recommend you go for a walk in while you are here. Please respect the animals and stay on the paths so that we do not spoil the beautiful nature that we are lucky enough to be surrounded by.\n\nThe main house is private and closed to guests. We therefore ask you to respect signage in private areas.<\/p>\n\n                                    <\/div>\n            <\/div>\n\n        <\/div>\n\n\t\t\t\t\t\t<\/div>\n\t\t\t\t<\/div>\n\t\t\t\t\t<\/div>\n\t\t<\/div>\n\t\t\t\t\t<\/div>\n\t\t<\/section>\n\t\t\t\t<section class=\"elementor-section elementor-top-section elementor-element elementor-element-53cd5fc9 elementor-section-boxed elementor-section-height-default elementor-section-height-default\" data-id=\"53cd5fc9\" data-element_type=\"section\" data-e-type=\"section\" data-settings=\"{&quot;background_background&quot;:&quot;classic&quot;}\">\n\t\t\t\t\t\t<div class=\"elementor-container elementor-column-gap-default\">\n\t\t\t\t\t<div class=\"elementor-column elementor-col-100 elementor-top-column elementor-element elementor-element-3f7d336e\" data-id=\"3f7d336e\" data-element_type=\"column\" data-e-type=\"column\">\n\t\t\t<div class=\"elementor-widget-wrap elementor-element-populated\">\n\t\t\t\t\t\t<div class=\"elementor-element elementor-element-37db3492 elementor-shape-circle elementor-grid-0 e-grid-align-center elementor-widget elementor-widget-social-icons\" data-id=\"37db3492\" data-element_type=\"widget\" data-e-type=\"widget\" data-widget_type=\"social-icons.default\">\n\t\t\t\t<div class=\"elementor-widget-container\">\n\t\t\t\t\t\t\t<div class=\"elementor-social-icons-wrapper elementor-grid\" role=\"list\">\n\t\t\t\t\t\t\t<span class=\"elementor-grid-item\" role=\"listitem\">\n\t\t\t\t\t<a class=\"elementor-icon elementor-social-icon elementor-social-icon-facebook elementor-repeater-item-b37cf98\" href=\"https:\/\/www.facebook.com\/AggersvoldGods\" target=\"_blank\">\n\t\t\t\t\t\t<span class=\"elementor-screen-only\">Facebook<\/span>\n\t\t\t\t\t\t<i aria-hidden=\"true\" class=\"fab fa-facebook\"><\/i>\t\t\t\t\t<\/a>\n\t\t\t\t<\/span>\n\t\t\t\t\t\t\t<span class=\"elementor-grid-item\" role=\"listitem\">\n\t\t\t\t\t<a class=\"elementor-icon elementor-social-icon elementor-social-icon-instagram elementor-repeater-item-a27c664\" href=\"https:\/\/www.instagram.com\/aggersvoldgods\/\" target=\"_blank\">\n\t\t\t\t\t\t<span class=\"elementor-screen-only\">Instagram<\/span>\n\t\t\t\t\t\t<i aria-hidden=\"true\" class=\"fab fa-instagram\"><\/i>\t\t\t\t\t<\/a>\n\t\t\t\t<\/span>\n\t\t\t\t\t\t\t<span class=\"elementor-grid-item\" role=\"listitem\">\n\t\t\t\t\t<a class=\"elementor-icon elementor-social-icon elementor-social-icon-youtube elementor-repeater-item-ed70e7f\" href=\"https:\/\/www.youtube.com\/channel\/UCcWbj63BKagBArMWl-PNGzA\" target=\"_blank\">\n\t\t\t\t\t\t<span class=\"elementor-screen-only\">Youtube<\/span>\n\t\t\t\t\t\t<i aria-hidden=\"true\" class=\"fab fa-youtube\"><\/i>\t\t\t\t\t<\/a>\n\t\t\t\t<\/span>\n\t\t\t\t\t\t\t<span class=\"elementor-grid-item\" role=\"listitem\">\n\t\t\t\t\t<a class=\"elementor-icon elementor-social-icon elementor-social-icon-linkedin elementor-repeater-item-a7ec453\" href=\"https:\/\/www.linkedin.com\/company\/aggersvold-gods\/\" target=\"_blank\">\n\t\t\t\t\t\t<span class=\"elementor-screen-only\">Linkedin<\/span>\n\t\t\t\t\t\t<i aria-hidden=\"true\" class=\"fab fa-linkedin\"><\/i>\t\t\t\t\t<\/a>\n\t\t\t\t<\/span>\n\t\t\t\t\t<\/div>\n\t\t\t\t\t\t<\/div>\n\t\t\t\t<\/div>\n\t\t\t\t<div class=\"elementor-element elementor-element-550bd2bc elementor-widget elementor-widget-spacer\" data-id=\"550bd2bc\" data-element_type=\"widget\" data-e-type=\"widget\" data-widget_type=\"spacer.default\">\n\t\t\t\t<div class=\"elementor-widget-container\">\n\t\t\t\t\t\t\t<div class=\"elementor-spacer\">\n\t\t\t<div class=\"elementor-spacer-inner\"><\/div>\n\t\t<\/div>\n\t\t\t\t\t\t<\/div>\n\t\t\t\t<\/div>\n\t\t\t\t\t<\/div>\n\t\t<\/div>\n\t\t\t\t\t<\/div>\n\t\t<\/section>\n\t\t\t\t<\/div>","protected":false},"excerpt":{"rendered":"<p>FIND RUNDT Velkommen til Aggersvold Gods! Godset er stort og best\u00e5r af flere bygninger. V\u00e6relser finder du i Stalden, Ridesalen og Porthuset. Du vil ved check-ind i rececptionen f\u00e5 besked p\u00e5, hvor dit v\u00e6relse er. Arrangementer, m\u00f8der, m.m. afholdes i &hellip; <a href=\"https:\/\/aggersvoldgods.dk\/en\/find-vej\/\">Read More<\/a><\/p>","protected":false},"author":1,"featured_media":0,"parent":0,"menu_order":0,"comment_status":"closed","ping_status":"closed","template":"","meta":{"footnotes":""},"class_list":["post-6566","page","type-page","status-publish","hentry"],"yoast_head":"<!-- This site is optimized with the Yoast SEO Premium plugin v27.3 (Yoast SEO v27.3) - https:\/\/yoast.com\/product\/yoast-seo-premium-wordpress\/ -->\n<title>Find vej | Aggersvold Gods<\/title>\n<meta name=\"robots\" content=\"index, follow, max-snippet:-1, max-image-preview:large, max-video-preview:-1\" \/>\n<link rel=\"canonical\" href=\"https:\/\/aggersvoldgods.dk\/en\/find-your-way-around\/\" \/>\n<meta property=\"og:locale\" content=\"en_GB\" \/>\n<meta property=\"og:type\" content=\"article\" \/>\n<meta property=\"og:title\" content=\"Find vej\" \/>\n<meta property=\"og:description\" content=\"FIND RUNDT Velkommen til Aggersvold Gods! Godset er stort og best\u00e5r af flere bygninger. V\u00e6relser finder du i Stalden, Ridesalen og Porthuset. Du vil ved\" \/>\n<meta property=\"og:url\" content=\"https:\/\/aggersvoldgods.dk\/en\/find-your-way-around\/\" \/>\n<meta property=\"og:site_name\" content=\"Aggersvold Gods\" \/>\n<meta property=\"article:publisher\" content=\"https:\/\/www.facebook.com\/search\/top?q=AggersvoldGods\" \/>\n<meta property=\"article:modified_time\" content=\"2024-03-19T09:48:35+00:00\" \/>\n<meta property=\"og:image\" content=\"https:\/\/aggersvoldgods.dk\/wp-content\/uploads\/2024\/03\/aggersvold_kort_18-03-2024_ny-868x1024.png\" \/>\n<meta name=\"twitter:card\" content=\"summary_large_image\" \/>\n<meta name=\"twitter:label1\" content=\"Estimated reading time\" \/>\n\t<meta name=\"twitter:data1\" content=\"1 minute\" \/>\n<script type=\"application\/ld+json\" class=\"yoast-schema-graph\">{\"@context\":\"https:\\\/\\\/schema.org\",\"@graph\":[{\"@type\":\"WebPage\",\"@id\":\"https:\\\/\\\/aggersvoldgods.dk\\\/find-vej\\\/\",\"url\":\"https:\\\/\\\/aggersvoldgods.dk\\\/find-vej\\\/\",\"name\":\"Find vej | Aggersvold Gods\",\"isPartOf\":{\"@id\":\"https:\\\/\\\/aggersvoldgods.dk\\\/#website\"},\"primaryImageOfPage\":{\"@id\":\"https:\\\/\\\/aggersvoldgods.dk\\\/find-vej\\\/#primaryimage\"},\"image\":{\"@id\":\"https:\\\/\\\/aggersvoldgods.dk\\\/find-vej\\\/#primaryimage\"},\"thumbnailUrl\":\"https:\\\/\\\/aggersvoldgods.dk\\\/wp-content\\\/uploads\\\/2024\\\/03\\\/aggersvold_kort_18-03-2024_ny-868x1024.png\",\"datePublished\":\"2023-03-08T10:56:19+00:00\",\"dateModified\":\"2024-03-19T09:48:35+00:00\",\"breadcrumb\":{\"@id\":\"https:\\\/\\\/aggersvoldgods.dk\\\/find-vej\\\/#breadcrumb\"},\"inLanguage\":\"en-GB\",\"potentialAction\":[{\"@type\":\"ReadAction\",\"target\":[\"https:\\\/\\\/aggersvoldgods.dk\\\/find-vej\\\/\"]}]},{\"@type\":\"ImageObject\",\"inLanguage\":\"en-GB\",\"@id\":\"https:\\\/\\\/aggersvoldgods.dk\\\/find-vej\\\/#primaryimage\",\"url\":\"https:\\\/\\\/aggersvoldgods.dk\\\/wp-content\\\/uploads\\\/2024\\\/03\\\/aggersvold_kort_18-03-2024_ny-868x1024.png\",\"contentUrl\":\"https:\\\/\\\/aggersvoldgods.dk\\\/wp-content\\\/uploads\\\/2024\\\/03\\\/aggersvold_kort_18-03-2024_ny-868x1024.png\"},{\"@type\":\"BreadcrumbList\",\"@id\":\"https:\\\/\\\/aggersvoldgods.dk\\\/find-vej\\\/#breadcrumb\",\"itemListElement\":[{\"@type\":\"ListItem\",\"position\":1,\"name\":\"Hjem\",\"item\":\"https:\\\/\\\/aggersvoldgods.dk\\\/\"},{\"@type\":\"ListItem\",\"position\":2,\"name\":\"Find vej\"}]},{\"@type\":\"WebSite\",\"@id\":\"https:\\\/\\\/aggersvoldgods.dk\\\/#website\",\"url\":\"https:\\\/\\\/aggersvoldgods.dk\\\/\",\"name\":\"Aggersvold Gods\",\"description\":\"Hotel &amp; Konference\",\"publisher\":{\"@id\":\"https:\\\/\\\/aggersvoldgods.dk\\\/#organization\"},\"potentialAction\":[{\"@type\":\"SearchAction\",\"target\":{\"@type\":\"EntryPoint\",\"urlTemplate\":\"https:\\\/\\\/aggersvoldgods.dk\\\/?s={search_term_string}\"},\"query-input\":{\"@type\":\"PropertyValueSpecification\",\"valueRequired\":true,\"valueName\":\"search_term_string\"}}],\"inLanguage\":\"en-GB\"},{\"@type\":\"Organization\",\"@id\":\"https:\\\/\\\/aggersvoldgods.dk\\\/#organization\",\"name\":\"Aggersvold Gods\",\"url\":\"https:\\\/\\\/aggersvoldgods.dk\\\/\",\"logo\":{\"@type\":\"ImageObject\",\"inLanguage\":\"en-GB\",\"@id\":\"https:\\\/\\\/aggersvoldgods.dk\\\/#\\\/schema\\\/logo\\\/image\\\/\",\"url\":\"https:\\\/\\\/aggersvoldgods.dk\\\/wp-content\\\/uploads\\\/2021\\\/03\\\/Google-profile_1000x1000.jpg\",\"contentUrl\":\"https:\\\/\\\/aggersvoldgods.dk\\\/wp-content\\\/uploads\\\/2021\\\/03\\\/Google-profile_1000x1000.jpg\",\"width\":1000,\"height\":1000,\"caption\":\"Aggersvold Gods\"},\"image\":{\"@id\":\"https:\\\/\\\/aggersvoldgods.dk\\\/#\\\/schema\\\/logo\\\/image\\\/\"},\"sameAs\":[\"https:\\\/\\\/www.facebook.com\\\/search\\\/top?q=AggersvoldGods\",\"https:\\\/\\\/www.instagram.com\\\/aggersvoldgods\\\/\"]}]}<\/script>\n<!-- \/ Yoast SEO Premium plugin. -->","yoast_head_json":{"title":"Find vej | Aggersvold Gods","robots":{"index":"index","follow":"follow","max-snippet":"max-snippet:-1","max-image-preview":"max-image-preview:large","max-video-preview":"max-video-preview:-1"},"canonical":"https:\/\/aggersvoldgods.dk\/en\/find-your-way-around\/","og_locale":"en_GB","og_type":"article","og_title":"Find vej","og_description":"FIND RUNDT Velkommen til Aggersvold Gods! Godset er stort og best\u00e5r af flere bygninger. V\u00e6relser finder du i Stalden, Ridesalen og Porthuset. Du vil ved","og_url":"https:\/\/aggersvoldgods.dk\/en\/find-your-way-around\/","og_site_name":"Aggersvold Gods","article_publisher":"https:\/\/www.facebook.com\/search\/top?q=AggersvoldGods","article_modified_time":"2024-03-19T09:48:35+00:00","og_image":[{"url":"https:\/\/aggersvoldgods.dk\/wp-content\/uploads\/2024\/03\/aggersvold_kort_18-03-2024_ny-868x1024.png","type":"","width":"","height":""}],"twitter_card":"summary_large_image","twitter_misc":{"Estimated reading time":"1 minute"},"schema":{"@context":"https:\/\/schema.org","@graph":[{"@type":"WebPage","@id":"https:\/\/aggersvoldgods.dk\/find-vej\/","url":"https:\/\/aggersvoldgods.dk\/find-vej\/","name":"Find vej | Aggersvold Gods","isPartOf":{"@id":"https:\/\/aggersvoldgods.dk\/#website"},"primaryImageOfPage":{"@id":"https:\/\/aggersvoldgods.dk\/find-vej\/#primaryimage"},"image":{"@id":"https:\/\/aggersvoldgods.dk\/find-vej\/#primaryimage"},"thumbnailUrl":"https:\/\/aggersvoldgods.dk\/wp-content\/uploads\/2024\/03\/aggersvold_kort_18-03-2024_ny-868x1024.png","datePublished":"2023-03-08T10:56:19+00:00","dateModified":"2024-03-19T09:48:35+00:00","breadcrumb":{"@id":"https:\/\/aggersvoldgods.dk\/find-vej\/#breadcrumb"},"inLanguage":"en-GB","potentialAction":[{"@type":"ReadAction","target":["https:\/\/aggersvoldgods.dk\/find-vej\/"]}]},{"@type":"ImageObject","inLanguage":"en-GB","@id":"https:\/\/aggersvoldgods.dk\/find-vej\/#primaryimage","url":"https:\/\/aggersvoldgods.dk\/wp-content\/uploads\/2024\/03\/aggersvold_kort_18-03-2024_ny-868x1024.png","contentUrl":"https:\/\/aggersvoldgods.dk\/wp-content\/uploads\/2024\/03\/aggersvold_kort_18-03-2024_ny-868x1024.png"},{"@type":"BreadcrumbList","@id":"https:\/\/aggersvoldgods.dk\/find-vej\/#breadcrumb","itemListElement":[{"@type":"ListItem","position":1,"name":"Hjem","item":"https:\/\/aggersvoldgods.dk\/"},{"@type":"ListItem","position":2,"name":"Find vej"}]},{"@type":"WebSite","@id":"https:\/\/aggersvoldgods.dk\/#website","url":"https:\/\/aggersvoldgods.dk\/","name":"Aggersvold Gods","description":"Hotel &amp; Konference","publisher":{"@id":"https:\/\/aggersvoldgods.dk\/#organization"},"potentialAction":[{"@type":"SearchAction","target":{"@type":"EntryPoint","urlTemplate":"https:\/\/aggersvoldgods.dk\/?s={search_term_string}"},"query-input":{"@type":"PropertyValueSpecification","valueRequired":true,"valueName":"search_term_string"}}],"inLanguage":"en-GB"},{"@type":"Organization","@id":"https:\/\/aggersvoldgods.dk\/#organization","name":"Aggersvold Gods","url":"https:\/\/aggersvoldgods.dk\/","logo":{"@type":"ImageObject","inLanguage":"en-GB","@id":"https:\/\/aggersvoldgods.dk\/#\/schema\/logo\/image\/","url":"https:\/\/aggersvoldgods.dk\/wp-content\/uploads\/2021\/03\/Google-profile_1000x1000.jpg","contentUrl":"https:\/\/aggersvoldgods.dk\/wp-content\/uploads\/2021\/03\/Google-profile_1000x1000.jpg","width":1000,"height":1000,"caption":"Aggersvold Gods"},"image":{"@id":"https:\/\/aggersvoldgods.dk\/#\/schema\/logo\/image\/"},"sameAs":["https:\/\/www.facebook.com\/search\/top?q=AggersvoldGods","https:\/\/www.instagram.com\/aggersvoldgods\/"]}]}},"_links":{"self":[{"href":"https:\/\/aggersvoldgods.dk\/en\/wp-json\/wp\/v2\/pages\/6566","targetHints":{"allow":["GET"]}}],"collection":[{"href":"https:\/\/aggersvoldgods.dk\/en\/wp-json\/wp\/v2\/pages"}],"about":[{"href":"https:\/\/aggersvoldgods.dk\/en\/wp-json\/wp\/v2\/types\/page"}],"author":[{"embeddable":true,"href":"https:\/\/aggersvoldgods.dk\/en\/wp-json\/wp\/v2\/users\/1"}],"replies":[{"embeddable":true,"href":"https:\/\/aggersvoldgods.dk\/en\/wp-json\/wp\/v2\/comments?post=6566"}],"version-history":[{"count":34,"href":"https:\/\/aggersvoldgods.dk\/en\/wp-json\/wp\/v2\/pages\/6566\/revisions"}],"predecessor-version":[{"id":8284,"href":"https:\/\/aggersvoldgods.dk\/en\/wp-json\/wp\/v2\/pages\/6566\/revisions\/8284"}],"wp:attachment":[{"href":"https:\/\/aggersvoldgods.dk\/en\/wp-json\/wp\/v2\/media?parent=6566"}],"curies":[{"name":"wp","href":"https:\/\/api.w.org\/{rel}","templated":true}]}}