{"id":5493,"date":"2022-07-05T10:50:17","date_gmt":"2022-07-05T08:50:17","guid":{"rendered":"https:\/\/aggersvoldgods.dk\/?page_id=5493"},"modified":"2023-02-21T10:14:25","modified_gmt":"2023-02-21T09:14:25","slug":"wedding-brochure-and-prices","status":"publish","type":"page","link":"https:\/\/aggersvoldgods.dk\/en\/bryllupsbrochure-og-priser\/","title":{"rendered":"Wedding brochure and prices"},"content":{"rendered":"\t\t<div data-elementor-type=\"wp-post\" data-elementor-id=\"5493\" class=\"elementor elementor-5493\" data-elementor-post-type=\"page\">\n\t\t\t\t\t\t<section class=\"elementor-section elementor-top-section elementor-element elementor-element-qgk6sn0 elementor-section-boxed elementor-section-height-default elementor-section-height-default\" data-id=\"qgk6sn0\" data-element_type=\"section\" data-e-type=\"section\" data-settings=\"{&quot;background_background&quot;:&quot;classic&quot;}\">\n\t\t\t\t\t\t<div class=\"elementor-container elementor-column-gap-default\">\n\t\t\t\t\t<div class=\"elementor-column elementor-col-100 elementor-top-column elementor-element elementor-element-uaw4tj7\" data-id=\"uaw4tj7\" data-element_type=\"column\" data-e-type=\"column\">\n\t\t\t<div class=\"elementor-widget-wrap elementor-element-populated\">\n\t\t\t\t\t\t<div class=\"elementor-element elementor-element-3e13667 e-transform e-transform elementor-widget elementor-widget-heading\" data-id=\"3e13667\" data-element_type=\"widget\" data-e-type=\"widget\" data-settings=\"{&quot;_transform_scale_effect_mobile&quot;:{&quot;unit&quot;:&quot;px&quot;,&quot;size&quot;:0.8,&quot;sizes&quot;:[]},&quot;_transform_translateX_effect&quot;:{&quot;unit&quot;:&quot;px&quot;,&quot;size&quot;:&quot;&quot;,&quot;sizes&quot;:[]},&quot;_transform_translateX_effect_tablet&quot;:{&quot;unit&quot;:&quot;px&quot;,&quot;size&quot;:&quot;&quot;,&quot;sizes&quot;:[]},&quot;_transform_translateX_effect_mobile&quot;:{&quot;unit&quot;:&quot;px&quot;,&quot;size&quot;:&quot;&quot;,&quot;sizes&quot;:[]},&quot;_transform_translateY_effect&quot;:{&quot;unit&quot;:&quot;px&quot;,&quot;size&quot;:&quot;&quot;,&quot;sizes&quot;:[]},&quot;_transform_translateY_effect_tablet&quot;:{&quot;unit&quot;:&quot;px&quot;,&quot;size&quot;:&quot;&quot;,&quot;sizes&quot;:[]},&quot;_transform_translateY_effect_mobile&quot;:{&quot;unit&quot;:&quot;px&quot;,&quot;size&quot;:&quot;&quot;,&quot;sizes&quot;:[]},&quot;_transform_scale_effect&quot;:{&quot;unit&quot;:&quot;px&quot;,&quot;size&quot;:&quot;&quot;,&quot;sizes&quot;:[]},&quot;_transform_scale_effect_tablet&quot;:{&quot;unit&quot;:&quot;px&quot;,&quot;size&quot;:&quot;&quot;,&quot;sizes&quot;:[]}}\" data-widget_type=\"heading.default\">\n\t\t\t\t<div class=\"elementor-widget-container\">\n\t\t\t\t\t<h1 class=\"elementor-heading-title elementor-size-xl\">Bryllupsbrochure<\/h1>\t\t\t\t<\/div>\n\t\t\t\t<\/div>\n\t\t\t\t<div class=\"elementor-element elementor-element-952b28c elementor-widget elementor-widget-text-editor\" data-id=\"952b28c\" data-element_type=\"widget\" data-e-type=\"widget\" data-widget_type=\"text-editor.default\">\n\t\t\t\t<div class=\"elementor-widget-container\">\n\t\t\t\t\t\t\t\t\t<p>Udfyld nedenst\u00e5ende for at downloade vores bryllupsbrochure med priser.<\/p>\t\t\t\t\t\t\t\t<\/div>\n\t\t\t\t<\/div>\n\t\t\t\t\t<\/div>\n\t\t<\/div>\n\t\t\t\t\t<\/div>\n\t\t<\/section>\n\t\t\t\t<section class=\"elementor-section elementor-top-section elementor-element elementor-element-7dc4de4 elementor-section-boxed elementor-section-height-default elementor-section-height-default\" data-id=\"7dc4de4\" data-element_type=\"section\" data-e-type=\"section\">\n\t\t\t\t\t\t<div class=\"elementor-container elementor-column-gap-default\">\n\t\t\t\t\t<div class=\"elementor-column elementor-col-100 elementor-top-column elementor-element elementor-element-70de6c9\" data-id=\"70de6c9\" data-element_type=\"column\" data-e-type=\"column\">\n\t\t\t<div class=\"elementor-widget-wrap elementor-element-populated\">\n\t\t\t\t\t\t<div class=\"elementor-element elementor-element-8f4bb50 elementor-widget__width-initial elementor-button-align-stretch elementor-widget elementor-widget-form\" data-id=\"8f4bb50\" data-element_type=\"widget\" data-e-type=\"widget\" data-settings=\"{&quot;step_next_label&quot;:&quot;N\\u00e6ste&quot;,&quot;step_previous_label&quot;:&quot;Tidligere&quot;,&quot;button_width&quot;:&quot;100&quot;,&quot;step_type&quot;:&quot;number_text&quot;,&quot;step_icon_shape&quot;:&quot;circle&quot;}\" data-widget_type=\"form.default\">\n\t\t\t\t<div class=\"elementor-widget-container\">\n\t\t\t\t\t\t\t<form class=\"elementor-form\" method=\"post\" name=\"Ny formular\" aria-label=\"Ny formular\">\n\t\t\t<input type=\"hidden\" name=\"post_id\" value=\"5493\"\/>\n\t\t\t<input type=\"hidden\" name=\"form_id\" value=\"8f4bb50\"\/>\n\t\t\t<input type=\"hidden\" name=\"referer_title\" value=\"Bryllupsbrochure og priser | Aggersvold Gods\" \/>\n\n\t\t\t\t\t\t\t<input type=\"hidden\" name=\"queried_id\" value=\"5493\"\/>\n\t\t\t\n\t\t\t<div class=\"elementor-form-fields-wrapper elementor-labels-above\">\n\t\t\t\t\t\t\t\t<div class=\"elementor-field-type-text elementor-field-group elementor-column elementor-field-group-name elementor-col-100 elementor-field-required elementor-mark-required\">\n\t\t\t\t\t\t\t\t\t\t\t\t<label for=\"form-field-name\" class=\"elementor-field-label\">\n\t\t\t\t\t\t\t\tFornavn\t\t\t\t\t\t\t<\/label>\n\t\t\t\t\t\t\t\t\t\t\t\t\t\t<input size=\"1\" type=\"text\" name=\"form_fields[name]\" id=\"form-field-name\" class=\"elementor-field elementor-size-sm  elementor-field-textual\" required=\"required\">\n\t\t\t\t\t\t\t\t\t\t\t<\/div>\n\t\t\t\t\t\t\t\t<div class=\"elementor-field-type-text elementor-field-group elementor-column elementor-field-group-field_7e00a8d elementor-col-100 elementor-field-required elementor-mark-required\">\n\t\t\t\t\t\t\t\t\t\t\t\t<label for=\"form-field-field_7e00a8d\" class=\"elementor-field-label\">\n\t\t\t\t\t\t\t\tEfternavn\t\t\t\t\t\t\t<\/label>\n\t\t\t\t\t\t\t\t\t\t\t\t\t\t<input size=\"1\" type=\"text\" name=\"form_fields[field_7e00a8d]\" id=\"form-field-field_7e00a8d\" class=\"elementor-field elementor-size-sm  elementor-field-textual\" required=\"required\">\n\t\t\t\t\t\t\t\t\t\t\t<\/div>\n\t\t\t\t\t\t\t\t<div class=\"elementor-field-type-email elementor-field-group elementor-column elementor-field-group-email elementor-col-100 elementor-field-required elementor-mark-required\">\n\t\t\t\t\t\t\t\t\t\t\t\t<label for=\"form-field-email\" class=\"elementor-field-label\">\n\t\t\t\t\t\t\t\tMailadresse\t\t\t\t\t\t\t<\/label>\n\t\t\t\t\t\t\t\t\t\t\t\t\t\t<input size=\"1\" type=\"email\" name=\"form_fields[email]\" id=\"form-field-email\" class=\"elementor-field elementor-size-sm  elementor-field-textual\" required=\"required\">\n\t\t\t\t\t\t\t\t\t\t\t<\/div>\n\t\t\t\t\t\t\t\t<div class=\"elementor-field-type-text\">\n\t\t\t\t\t<input size=\"1\" type=\"text\" name=\"form_fields[field_4559340]\" id=\"form-field-field_4559340\" class=\"elementor-field elementor-size-sm \" style=\"display:none !important;\">\t\t\t\t<\/div>\n\t\t\t\t\t\t\t\t<div class=\"elementor-field-type-recaptcha_v3 elementor-field-group elementor-column elementor-field-group-field_c57b564 elementor-col-100 recaptcha_v3-bottomright\">\n\t\t\t\t\t<div class=\"elementor-field\" id=\"form-field-field_c57b564\"><div class=\"elementor-g-recaptcha\" data-sitekey=\"6Ld9Dz8gAAAAAJSB29UQMH87gQBMsw0BWSu-ezrx\" data-type=\"v3\" data-action=\"Form\" data-badge=\"bottomright\" data-size=\"invisible\"><\/div><\/div>\t\t\t\t<\/div>\n\t\t\t\t\t\t\t\t<div class=\"elementor-field-type-acceptance elementor-field-group elementor-column elementor-field-group-field_df89475 elementor-col-100\">\n\t\t\t\t\t\t\t<div class=\"elementor-field-subgroup\">\n\t\t\t<span class=\"elementor-field-option\">\n\t\t\t\t<input type=\"checkbox\" name=\"form_fields[field_df89475]\" id=\"form-field-field_df89475\" class=\"elementor-field elementor-size-sm  elementor-acceptance-field\">\n\t\t\t\t<label for=\"form-field-field_df89475\">Jeg accepterer at blive kontaktet via e-mail med henblik p\u00e5 salg samt modtage digital markedsf\u00f8ring fra Aggersvold Gods. *<\/label>\t\t\t<\/span>\n\t\t<\/div>\n\t\t\t\t\t\t<\/div>\n\t\t\t\t\t\t\t\t<div class=\"elementor-field-group elementor-column elementor-field-type-submit elementor-col-100 e-form__buttons\">\n\t\t\t\t\t<button class=\"elementor-button elementor-size-sm\" type=\"submit\">\n\t\t\t\t\t\t<span class=\"elementor-button-content-wrapper\">\n\t\t\t\t\t\t\t\t\t\t\t\t\t\t\t\t\t\t\t\t\t\t<span class=\"elementor-button-text\">Send<\/span>\n\t\t\t\t\t\t\t\t\t\t\t\t\t<\/span>\n\t\t\t\t\t<\/button>\n\t\t\t\t<\/div>\n\t\t\t<\/div>\n\t\t<\/form>\n\t\t\t\t\t\t<\/div>\n\t\t\t\t<\/div>\n\t\t\t\t\t<\/div>\n\t\t<\/div>\n\t\t\t\t\t<\/div>\n\t\t<\/section>\n\t\t\t\t<section class=\"elementor-section elementor-top-section elementor-element elementor-element-45df21c elementor-section-boxed elementor-section-height-default elementor-section-height-default\" data-id=\"45df21c\" data-element_type=\"section\" data-e-type=\"section\">\n\t\t\t\t\t\t<div class=\"elementor-container elementor-column-gap-default\">\n\t\t\t\t\t<div class=\"elementor-column elementor-col-100 elementor-top-column elementor-element elementor-element-6a01768\" data-id=\"6a01768\" data-element_type=\"column\" data-e-type=\"column\">\n\t\t\t<div class=\"elementor-widget-wrap elementor-element-populated\">\n\t\t\t\t\t\t<div class=\"elementor-element elementor-element-e9429f8 elementor-widget elementor-widget-spacer\" data-id=\"e9429f8\" data-element_type=\"widget\" data-e-type=\"widget\" data-widget_type=\"spacer.default\">\n\t\t\t\t<div class=\"elementor-widget-container\">\n\t\t\t\t\t\t\t<div class=\"elementor-spacer\">\n\t\t\t<div class=\"elementor-spacer-inner\"><\/div>\n\t\t<\/div>\n\t\t\t\t\t\t<\/div>\n\t\t\t\t<\/div>\n\t\t\t\t<div class=\"elementor-element elementor-element-7f3118c elementor-widget elementor-widget-text-editor\" data-id=\"7f3118c\" data-element_type=\"widget\" data-e-type=\"widget\" data-widget_type=\"text-editor.default\">\n\t\t\t\t<div class=\"elementor-widget-container\">\n\t\t\t\t\t\t\t\t\t<p><em>* Du kan til enhver tid afmelde dig igen.<\/em><\/p><p><em><a href=\"https:\/\/aggersvoldgods.dk\/privacy-policy\/\"><span style=\"text-decoration: underline;\">L\u00e6s vores privatlivspolitik her<\/span><\/a><span style=\"text-decoration: underline;\">.<\/span><\/em><\/p>\t\t\t\t\t\t\t\t<\/div>\n\t\t\t\t<\/div>\n\t\t\t\t<div class=\"elementor-element elementor-element-0b8e984 elementor-widget elementor-widget-spacer\" data-id=\"0b8e984\" data-element_type=\"widget\" data-e-type=\"widget\" data-widget_type=\"spacer.default\">\n\t\t\t\t<div class=\"elementor-widget-container\">\n\t\t\t\t\t\t\t<div class=\"elementor-spacer\">\n\t\t\t<div class=\"elementor-spacer-inner\"><\/div>\n\t\t<\/div>\n\t\t\t\t\t\t<\/div>\n\t\t\t\t<\/div>\n\t\t\t\t\t<\/div>\n\t\t<\/div>\n\t\t\t\t\t<\/div>\n\t\t<\/section>\n\t\t\t\t<\/div>\n\t\t","protected":false},"excerpt":{"rendered":"<p>Bryllupsbrochure Udfyld nedenst\u00e5ende for at downloade vores bryllupsbrochure med priser. * Du kan til enhver tid afmelde dig igen. L\u00e6s vores privatlivspolitik her.<\/p>","protected":false},"author":1,"featured_media":0,"parent":0,"menu_order":18,"comment_status":"closed","ping_status":"closed","template":"elementor_header_footer","meta":{"footnotes":""},"class_list":["post-5493","page","type-page","status-publish","hentry"],"yoast_head":"<!-- This site is optimized with the Yoast SEO Premium plugin v27.2 (Yoast SEO v27.3) - https:\/\/yoast.com\/product\/yoast-seo-premium-wordpress\/ -->\n<title>Bryllupsbrochure og priser | Aggersvold Gods<\/title>\n<meta name=\"description\" content=\"Download vores bryllupsbrochure med eksempler p\u00e5 pris og program for jeres store dag. Vi skr\u00e6ddersyer alt efter jeres \u00f8nsker.\" \/>\n<meta name=\"robots\" content=\"index, follow, max-snippet:-1, max-image-preview:large, max-video-preview:-1\" \/>\n<link rel=\"canonical\" href=\"https:\/\/aggersvoldgods.dk\/en\/wedding-brochure-and-prices\/\" \/>\n<meta property=\"og:locale\" content=\"en_GB\" \/>\n<meta property=\"og:type\" content=\"article\" \/>\n<meta property=\"og:title\" content=\"Bryllupsbrochure og priser\" \/>\n<meta property=\"og:description\" content=\"Bryllupsbrochure Udfyld nedenst\u00e5ende for at downloade vores bryllupsbrochure med priser. * Du kan til enhver tid afmelde dig igen.L\u00e6s vores\" \/>\n<meta property=\"og:url\" content=\"https:\/\/aggersvoldgods.dk\/en\/wedding-brochure-and-prices\/\" \/>\n<meta property=\"og:site_name\" content=\"Aggersvold Gods\" \/>\n<meta property=\"article:publisher\" content=\"https:\/\/www.facebook.com\/search\/top?q=AggersvoldGods\" \/>\n<meta property=\"article:modified_time\" content=\"2023-02-21T09:14:25+00:00\" \/>\n<meta property=\"og:image\" content=\"https:\/\/aggersvoldgods.dk\/wp-content\/uploads\/2021\/04\/hovedhus1.jpg\" \/>\n\t<meta property=\"og:image:width\" content=\"1920\" \/>\n\t<meta property=\"og:image:height\" content=\"1520\" \/>\n\t<meta property=\"og:image:type\" content=\"image\/jpeg\" \/>\n<meta name=\"twitter:card\" content=\"summary_large_image\" \/>\n<meta name=\"twitter:label1\" content=\"Estimated reading time\" \/>\n\t<meta name=\"twitter:data1\" content=\"1 minute\" \/>\n<script type=\"application\/ld+json\" class=\"yoast-schema-graph\">{\"@context\":\"https:\\\/\\\/schema.org\",\"@graph\":[{\"@type\":\"WebPage\",\"@id\":\"https:\\\/\\\/aggersvoldgods.dk\\\/bryllupsbrochure-og-priser\\\/\",\"url\":\"https:\\\/\\\/aggersvoldgods.dk\\\/bryllupsbrochure-og-priser\\\/\",\"name\":\"Bryllupsbrochure og priser | Aggersvold Gods\",\"isPartOf\":{\"@id\":\"https:\\\/\\\/aggersvoldgods.dk\\\/#website\"},\"datePublished\":\"2022-07-05T08:50:17+00:00\",\"dateModified\":\"2023-02-21T09:14:25+00:00\",\"description\":\"Download vores bryllupsbrochure med eksempler p\u00e5 pris og program for jeres store dag. Vi skr\u00e6ddersyer alt efter jeres \u00f8nsker.\",\"breadcrumb\":{\"@id\":\"https:\\\/\\\/aggersvoldgods.dk\\\/bryllupsbrochure-og-priser\\\/#breadcrumb\"},\"inLanguage\":\"en-GB\",\"potentialAction\":[{\"@type\":\"ReadAction\",\"target\":[\"https:\\\/\\\/aggersvoldgods.dk\\\/bryllupsbrochure-og-priser\\\/\"]}]},{\"@type\":\"BreadcrumbList\",\"@id\":\"https:\\\/\\\/aggersvoldgods.dk\\\/bryllupsbrochure-og-priser\\\/#breadcrumb\",\"itemListElement\":[{\"@type\":\"ListItem\",\"position\":1,\"name\":\"Hjem\",\"item\":\"https:\\\/\\\/aggersvoldgods.dk\\\/\"},{\"@type\":\"ListItem\",\"position\":2,\"name\":\"Bryllupsbrochure og priser\"}]},{\"@type\":\"WebSite\",\"@id\":\"https:\\\/\\\/aggersvoldgods.dk\\\/#website\",\"url\":\"https:\\\/\\\/aggersvoldgods.dk\\\/\",\"name\":\"Aggersvold Gods\",\"description\":\"Hotel &amp; Konference\",\"publisher\":{\"@id\":\"https:\\\/\\\/aggersvoldgods.dk\\\/#organization\"},\"potentialAction\":[{\"@type\":\"SearchAction\",\"target\":{\"@type\":\"EntryPoint\",\"urlTemplate\":\"https:\\\/\\\/aggersvoldgods.dk\\\/?s={search_term_string}\"},\"query-input\":{\"@type\":\"PropertyValueSpecification\",\"valueRequired\":true,\"valueName\":\"search_term_string\"}}],\"inLanguage\":\"en-GB\"},{\"@type\":\"Organization\",\"@id\":\"https:\\\/\\\/aggersvoldgods.dk\\\/#organization\",\"name\":\"Aggersvold Gods\",\"url\":\"https:\\\/\\\/aggersvoldgods.dk\\\/\",\"logo\":{\"@type\":\"ImageObject\",\"inLanguage\":\"en-GB\",\"@id\":\"https:\\\/\\\/aggersvoldgods.dk\\\/#\\\/schema\\\/logo\\\/image\\\/\",\"url\":\"https:\\\/\\\/aggersvoldgods.dk\\\/wp-content\\\/uploads\\\/2021\\\/03\\\/Google-profile_1000x1000.jpg\",\"contentUrl\":\"https:\\\/\\\/aggersvoldgods.dk\\\/wp-content\\\/uploads\\\/2021\\\/03\\\/Google-profile_1000x1000.jpg\",\"width\":1000,\"height\":1000,\"caption\":\"Aggersvold Gods\"},\"image\":{\"@id\":\"https:\\\/\\\/aggersvoldgods.dk\\\/#\\\/schema\\\/logo\\\/image\\\/\"},\"sameAs\":[\"https:\\\/\\\/www.facebook.com\\\/search\\\/top?q=AggersvoldGods\",\"https:\\\/\\\/www.instagram.com\\\/aggersvoldgods\\\/\"]}]}<\/script>\n<!-- \/ Yoast SEO Premium plugin. -->","yoast_head_json":{"title":"Bryllupsbrochure og priser | Aggersvold Gods","description":"Download our wedding brochure with examples of price and program for your big day. We tailor everything according to your wishes.","robots":{"index":"index","follow":"follow","max-snippet":"max-snippet:-1","max-image-preview":"max-image-preview:large","max-video-preview":"max-video-preview:-1"},"canonical":"https:\/\/aggersvoldgods.dk\/en\/wedding-brochure-and-prices\/","og_locale":"en_GB","og_type":"article","og_title":"Bryllupsbrochure og priser","og_description":"Bryllupsbrochure Udfyld nedenst\u00e5ende for at downloade vores bryllupsbrochure med priser. * Du kan til enhver tid afmelde dig igen.L\u00e6s vores","og_url":"https:\/\/aggersvoldgods.dk\/en\/wedding-brochure-and-prices\/","og_site_name":"Aggersvold Gods","article_publisher":"https:\/\/www.facebook.com\/search\/top?q=AggersvoldGods","article_modified_time":"2023-02-21T09:14:25+00:00","og_image":[{"width":1920,"height":1520,"url":"https:\/\/aggersvoldgods.dk\/wp-content\/uploads\/2021\/04\/hovedhus1.jpg","type":"image\/jpeg"}],"twitter_card":"summary_large_image","twitter_misc":{"Estimated reading time":"1 minute"},"schema":{"@context":"https:\/\/schema.org","@graph":[{"@type":"WebPage","@id":"https:\/\/aggersvoldgods.dk\/bryllupsbrochure-og-priser\/","url":"https:\/\/aggersvoldgods.dk\/bryllupsbrochure-og-priser\/","name":"Bryllupsbrochure og priser | Aggersvold Gods","isPartOf":{"@id":"https:\/\/aggersvoldgods.dk\/#website"},"datePublished":"2022-07-05T08:50:17+00:00","dateModified":"2023-02-21T09:14:25+00:00","description":"Download our wedding brochure with examples of price and program for your big day. We tailor everything according to your wishes.","breadcrumb":{"@id":"https:\/\/aggersvoldgods.dk\/bryllupsbrochure-og-priser\/#breadcrumb"},"inLanguage":"en-GB","potentialAction":[{"@type":"ReadAction","target":["https:\/\/aggersvoldgods.dk\/bryllupsbrochure-og-priser\/"]}]},{"@type":"BreadcrumbList","@id":"https:\/\/aggersvoldgods.dk\/bryllupsbrochure-og-priser\/#breadcrumb","itemListElement":[{"@type":"ListItem","position":1,"name":"Hjem","item":"https:\/\/aggersvoldgods.dk\/"},{"@type":"ListItem","position":2,"name":"Bryllupsbrochure og priser"}]},{"@type":"WebSite","@id":"https:\/\/aggersvoldgods.dk\/#website","url":"https:\/\/aggersvoldgods.dk\/","name":"Aggersvold Gods","description":"Hotel &amp; Konference","publisher":{"@id":"https:\/\/aggersvoldgods.dk\/#organization"},"potentialAction":[{"@type":"SearchAction","target":{"@type":"EntryPoint","urlTemplate":"https:\/\/aggersvoldgods.dk\/?s={search_term_string}"},"query-input":{"@type":"PropertyValueSpecification","valueRequired":true,"valueName":"search_term_string"}}],"inLanguage":"en-GB"},{"@type":"Organization","@id":"https:\/\/aggersvoldgods.dk\/#organization","name":"Aggersvold Gods","url":"https:\/\/aggersvoldgods.dk\/","logo":{"@type":"ImageObject","inLanguage":"en-GB","@id":"https:\/\/aggersvoldgods.dk\/#\/schema\/logo\/image\/","url":"https:\/\/aggersvoldgods.dk\/wp-content\/uploads\/2021\/03\/Google-profile_1000x1000.jpg","contentUrl":"https:\/\/aggersvoldgods.dk\/wp-content\/uploads\/2021\/03\/Google-profile_1000x1000.jpg","width":1000,"height":1000,"caption":"Aggersvold Gods"},"image":{"@id":"https:\/\/aggersvoldgods.dk\/#\/schema\/logo\/image\/"},"sameAs":["https:\/\/www.facebook.com\/search\/top?q=AggersvoldGods","https:\/\/www.instagram.com\/aggersvoldgods\/"]}]}},"_links":{"self":[{"href":"https:\/\/aggersvoldgods.dk\/en\/wp-json\/wp\/v2\/pages\/5493","targetHints":{"allow":["GET"]}}],"collection":[{"href":"https:\/\/aggersvoldgods.dk\/en\/wp-json\/wp\/v2\/pages"}],"about":[{"href":"https:\/\/aggersvoldgods.dk\/en\/wp-json\/wp\/v2\/types\/page"}],"author":[{"embeddable":true,"href":"https:\/\/aggersvoldgods.dk\/en\/wp-json\/wp\/v2\/users\/1"}],"replies":[{"embeddable":true,"href":"https:\/\/aggersvoldgods.dk\/en\/wp-json\/wp\/v2\/comments?post=5493"}],"version-history":[{"count":11,"href":"https:\/\/aggersvoldgods.dk\/en\/wp-json\/wp\/v2\/pages\/5493\/revisions"}],"predecessor-version":[{"id":6311,"href":"https:\/\/aggersvoldgods.dk\/en\/wp-json\/wp\/v2\/pages\/5493\/revisions\/6311"}],"wp:attachment":[{"href":"https:\/\/aggersvoldgods.dk\/en\/wp-json\/wp\/v2\/media?parent=5493"}],"curies":[{"name":"wp","href":"https:\/\/api.w.org\/{rel}","templated":true}]}}