{"id":4350,"date":"2022-02-10T11:53:16","date_gmt":"2022-02-10T10:53:16","guid":{"rendered":"https:\/\/aggersvoldgods.dk\/?page_id=4350"},"modified":"2026-03-12T11:39:28","modified_gmt":"2026-03-12T10:39:28","slug":"book-et-ophold-2","status":"publish","type":"page","link":"https:\/\/aggersvoldgods.dk\/en\/book-et-ophold-2\/","title":{"rendered":"Book accommodation"},"content":{"rendered":"<div data-elementor-type=\"wp-page\" data-elementor-id=\"4350\" class=\"elementor elementor-4350\" data-elementor-post-type=\"page\">\n\t\t\t\t\t\t<section class=\"elementor-section elementor-top-section elementor-element elementor-element-48c6c0a7 elementor-section-boxed elementor-section-height-default elementor-section-height-default\" data-id=\"48c6c0a7\" data-element_type=\"section\" data-e-type=\"section\">\n\t\t\t\t\t\t<div class=\"elementor-container elementor-column-gap-default\">\n\t\t\t\t\t<div class=\"elementor-column elementor-col-100 elementor-top-column elementor-element elementor-element-2be73723\" data-id=\"2be73723\" data-element_type=\"column\" data-e-type=\"column\">\n\t\t\t<div class=\"elementor-widget-wrap elementor-element-populated\">\n\t\t\t\t\t\t<div class=\"elementor-element elementor-element-24dfa403 elementor-widget elementor-widget-spacer\" data-id=\"24dfa403\" data-element_type=\"widget\" data-e-type=\"widget\" data-widget_type=\"spacer.default\">\n\t\t\t\t<div class=\"elementor-widget-container\">\n\t\t\t\t\t\t\t<div class=\"elementor-spacer\">\n\t\t\t<div class=\"elementor-spacer-inner\"><\/div>\n\t\t<\/div>\n\t\t\t\t\t\t<\/div>\n\t\t\t\t<\/div>\n\t\t\t\t<div class=\"elementor-element elementor-element-59957d0 elementor-widget elementor-widget-heading\" data-id=\"59957d0\" data-element_type=\"widget\" data-e-type=\"widget\" data-widget_type=\"heading.default\">\n\t\t\t\t<div class=\"elementor-widget-container\">\n\t\t\t\t\t<h2 class=\"elementor-heading-title elementor-size-default\">Book accommodation<\/h2>\t\t\t\t<\/div>\n\t\t\t\t<\/div>\n\t\t\t\t<div class=\"elementor-element elementor-element-5fe4dcba elementor-widget elementor-widget-text-editor\" data-id=\"5fe4dcba\" data-element_type=\"widget\" data-e-type=\"widget\" data-widget_type=\"text-editor.default\">\n\t\t\t\t<div class=\"elementor-widget-container\">\n\t\t\t\t\t\t\t\t\t<p>Find your desired accommodation by using the search criteria. Then select the room type you want. We are looking forward to welcoming you!<\/p><p>Please note that rooms are only offered for stays on selected dates.<\/p><p><strong>If you want to book accommodation for more than 6 people, please contact us at +45 30 68 22 92 or <a href=\"mailto:booking@aggersvoldgods.dk\"><span style=\"text-decoration: underline;\">booking@aggersvoldgods.dk<\/span><\/a>.<\/strong><\/p>\t\t\t\t\t\t\t\t<\/div>\n\t\t\t\t<\/div>\n\t\t\t\t<div class=\"elementor-element elementor-element-50ad57e1 elementor-widget elementor-widget-shortcode\" data-id=\"50ad57e1\" data-element_type=\"widget\" data-e-type=\"widget\" data-widget_type=\"shortcode.default\">\n\t\t\t\t<div class=\"elementor-widget-container\">\n\t\t\t\t\t\t\t<div class=\"elementor-shortcode\"><konnectio-hotel styling.button-background=\"#39593B\" styling.accent-color=\"#39593B\" styling.font-family=\"Raleway\" access-token=\"8|tV7O3hc43SKLUwTig5gLhekAyVn0X2vGN5vJOntY10eb76e2\" \/><\/div>\n\t\t\t\t\t\t<\/div>\n\t\t\t\t<\/div>\n\t\t\t\t\t<\/div>\n\t\t<\/div>\n\t\t\t\t\t<\/div>\n\t\t<\/section>\n\t\t\t\t<\/div>","protected":false},"excerpt":{"rendered":"<p>Book dit ophold Find dit \u00f8nskede ophold ved at bruge s\u00f8gekriterierne. V\u00e6lg herefter den v\u00e6relsestype, du \u00f8nsker. Vi gl\u00e6der os til at byde dig velkommen! Vi g\u00f8r opm\u00e6rksom p\u00e5, at der kun udbydes v\u00e6relser til ophold p\u00e5 udvalgte dage. \u00d8nsker &hellip; <a href=\"https:\/\/aggersvoldgods.dk\/en\/book-et-ophold-2\/\">Read More<\/a><\/p>","protected":false},"author":6,"featured_media":0,"parent":0,"menu_order":0,"comment_status":"closed","ping_status":"closed","template":"elementor_theme","meta":{"footnotes":""},"class_list":["post-4350","page","type-page","status-publish","hentry"],"yoast_head":"<!-- This site is optimized with the Yoast SEO Premium plugin v27.2 (Yoast SEO v27.3) - https:\/\/yoast.com\/product\/yoast-seo-premium-wordpress\/ -->\n<title>Book et ophold p\u00e5 Aggersvold Gods | Godsophold Sj\u00e6lland<\/title>\n<meta name=\"description\" content=\"Book et ophold p\u00e5 Aggersvold Gods og oplev den s\u00e6rlige idyl, som du kun finder her. Vores v\u00e6relser er perfekte til ophold med natur i fokus.\" \/>\n<meta name=\"robots\" content=\"index, follow, max-snippet:-1, max-image-preview:large, max-video-preview:-1\" \/>\n<link rel=\"canonical\" href=\"https:\/\/aggersvoldgods.dk\/en\/book-et-ophold-2\/\" \/>\n<meta property=\"og:locale\" content=\"en_GB\" \/>\n<meta property=\"og:type\" content=\"article\" \/>\n<meta property=\"og:title\" content=\"Book et ophold\" \/>\n<meta property=\"og:description\" content=\"Book dit ophold Find dit \u00f8nskede ophold ved at bruge s\u00f8gekriterierne. V\u00e6lg herefter den v\u00e6relsestype, du \u00f8nsker. Vi gl\u00e6der os til at byde dig velkommen!Vi\" \/>\n<meta property=\"og:url\" content=\"https:\/\/aggersvoldgods.dk\/en\/book-et-ophold-2\/\" \/>\n<meta property=\"og:site_name\" content=\"Aggersvold Gods\" \/>\n<meta property=\"article:publisher\" content=\"https:\/\/www.facebook.com\/search\/top?q=AggersvoldGods\" \/>\n<meta property=\"article:modified_time\" content=\"2026-03-12T10:39:28+00:00\" \/>\n<meta property=\"og:image\" content=\"https:\/\/aggersvoldgods.dk\/wp-content\/uploads\/2021\/04\/hovedhus1.jpg\" \/>\n\t<meta property=\"og:image:width\" content=\"1920\" \/>\n\t<meta property=\"og:image:height\" content=\"1520\" \/>\n\t<meta property=\"og:image:type\" content=\"image\/jpeg\" \/>\n<meta name=\"twitter:card\" content=\"summary_large_image\" \/>\n<meta name=\"twitter:label1\" content=\"Estimated reading time\" \/>\n\t<meta name=\"twitter:data1\" content=\"1 minute\" \/>\n<script type=\"application\/ld+json\" class=\"yoast-schema-graph\">{\"@context\":\"https:\\\/\\\/schema.org\",\"@graph\":[{\"@type\":\"WebPage\",\"@id\":\"https:\\\/\\\/aggersvoldgods.dk\\\/book-et-ophold-2\\\/\",\"url\":\"https:\\\/\\\/aggersvoldgods.dk\\\/book-et-ophold-2\\\/\",\"name\":\"Book et ophold p\u00e5 Aggersvold Gods | Godsophold Sj\u00e6lland\",\"isPartOf\":{\"@id\":\"https:\\\/\\\/aggersvoldgods.dk\\\/#website\"},\"datePublished\":\"2022-02-10T10:53:16+00:00\",\"dateModified\":\"2026-03-12T10:39:28+00:00\",\"description\":\"Book et ophold p\u00e5 Aggersvold Gods og oplev den s\u00e6rlige idyl, som du kun finder her. Vores v\u00e6relser er perfekte til ophold med natur i fokus.\",\"breadcrumb\":{\"@id\":\"https:\\\/\\\/aggersvoldgods.dk\\\/book-et-ophold-2\\\/#breadcrumb\"},\"inLanguage\":\"en-GB\",\"potentialAction\":[{\"@type\":\"ReadAction\",\"target\":[\"https:\\\/\\\/aggersvoldgods.dk\\\/book-et-ophold-2\\\/\"]}]},{\"@type\":\"BreadcrumbList\",\"@id\":\"https:\\\/\\\/aggersvoldgods.dk\\\/book-et-ophold-2\\\/#breadcrumb\",\"itemListElement\":[{\"@type\":\"ListItem\",\"position\":1,\"name\":\"Hjem\",\"item\":\"https:\\\/\\\/aggersvoldgods.dk\\\/\"},{\"@type\":\"ListItem\",\"position\":2,\"name\":\"Book et ophold\"}]},{\"@type\":\"WebSite\",\"@id\":\"https:\\\/\\\/aggersvoldgods.dk\\\/#website\",\"url\":\"https:\\\/\\\/aggersvoldgods.dk\\\/\",\"name\":\"Aggersvold Gods\",\"description\":\"Hotel &amp; Konference\",\"publisher\":{\"@id\":\"https:\\\/\\\/aggersvoldgods.dk\\\/#organization\"},\"potentialAction\":[{\"@type\":\"SearchAction\",\"target\":{\"@type\":\"EntryPoint\",\"urlTemplate\":\"https:\\\/\\\/aggersvoldgods.dk\\\/?s={search_term_string}\"},\"query-input\":{\"@type\":\"PropertyValueSpecification\",\"valueRequired\":true,\"valueName\":\"search_term_string\"}}],\"inLanguage\":\"en-GB\"},{\"@type\":\"Organization\",\"@id\":\"https:\\\/\\\/aggersvoldgods.dk\\\/#organization\",\"name\":\"Aggersvold Gods\",\"url\":\"https:\\\/\\\/aggersvoldgods.dk\\\/\",\"logo\":{\"@type\":\"ImageObject\",\"inLanguage\":\"en-GB\",\"@id\":\"https:\\\/\\\/aggersvoldgods.dk\\\/#\\\/schema\\\/logo\\\/image\\\/\",\"url\":\"https:\\\/\\\/aggersvoldgods.dk\\\/wp-content\\\/uploads\\\/2021\\\/03\\\/Google-profile_1000x1000.jpg\",\"contentUrl\":\"https:\\\/\\\/aggersvoldgods.dk\\\/wp-content\\\/uploads\\\/2021\\\/03\\\/Google-profile_1000x1000.jpg\",\"width\":1000,\"height\":1000,\"caption\":\"Aggersvold Gods\"},\"image\":{\"@id\":\"https:\\\/\\\/aggersvoldgods.dk\\\/#\\\/schema\\\/logo\\\/image\\\/\"},\"sameAs\":[\"https:\\\/\\\/www.facebook.com\\\/search\\\/top?q=AggersvoldGods\",\"https:\\\/\\\/www.instagram.com\\\/aggersvoldgods\\\/\"]}]}<\/script>\n<!-- \/ Yoast SEO Premium plugin. -->","yoast_head_json":{"title":"Book a stay at Aggersvold Manor | Bed and Breakfast Zealand","description":"Book a stay at Aggersvold Manor and enjoy the very special idyll that you only find at Aggersvold. Our rooms are perfect for stays with nature in focus.","robots":{"index":"index","follow":"follow","max-snippet":"max-snippet:-1","max-image-preview":"max-image-preview:large","max-video-preview":"max-video-preview:-1"},"canonical":"https:\/\/aggersvoldgods.dk\/en\/book-et-ophold-2\/","og_locale":"en_GB","og_type":"article","og_title":"Book et ophold","og_description":"Book dit ophold Find dit \u00f8nskede ophold ved at bruge s\u00f8gekriterierne. V\u00e6lg herefter den v\u00e6relsestype, du \u00f8nsker. Vi gl\u00e6der os til at byde dig velkommen!Vi","og_url":"https:\/\/aggersvoldgods.dk\/en\/book-et-ophold-2\/","og_site_name":"Aggersvold Gods","article_publisher":"https:\/\/www.facebook.com\/search\/top?q=AggersvoldGods","article_modified_time":"2026-03-12T10:39:28+00:00","og_image":[{"width":1920,"height":1520,"url":"https:\/\/aggersvoldgods.dk\/wp-content\/uploads\/2021\/04\/hovedhus1.jpg","type":"image\/jpeg"}],"twitter_card":"summary_large_image","twitter_misc":{"Estimated reading time":"1 minute"},"schema":{"@context":"https:\/\/schema.org","@graph":[{"@type":"WebPage","@id":"https:\/\/aggersvoldgods.dk\/book-et-ophold-2\/","url":"https:\/\/aggersvoldgods.dk\/book-et-ophold-2\/","name":"Book a stay at Aggersvold Manor | Bed and Breakfast Zealand","isPartOf":{"@id":"https:\/\/aggersvoldgods.dk\/#website"},"datePublished":"2022-02-10T10:53:16+00:00","dateModified":"2026-03-12T10:39:28+00:00","description":"Book a stay at Aggersvold Manor and enjoy the very special idyll that you only find at Aggersvold. Our rooms are perfect for stays with nature in focus.","breadcrumb":{"@id":"https:\/\/aggersvoldgods.dk\/book-et-ophold-2\/#breadcrumb"},"inLanguage":"en-GB","potentialAction":[{"@type":"ReadAction","target":["https:\/\/aggersvoldgods.dk\/book-et-ophold-2\/"]}]},{"@type":"BreadcrumbList","@id":"https:\/\/aggersvoldgods.dk\/book-et-ophold-2\/#breadcrumb","itemListElement":[{"@type":"ListItem","position":1,"name":"Hjem","item":"https:\/\/aggersvoldgods.dk\/"},{"@type":"ListItem","position":2,"name":"Book et ophold"}]},{"@type":"WebSite","@id":"https:\/\/aggersvoldgods.dk\/#website","url":"https:\/\/aggersvoldgods.dk\/","name":"Aggersvold Gods","description":"Hotel &amp; Konference","publisher":{"@id":"https:\/\/aggersvoldgods.dk\/#organization"},"potentialAction":[{"@type":"SearchAction","target":{"@type":"EntryPoint","urlTemplate":"https:\/\/aggersvoldgods.dk\/?s={search_term_string}"},"query-input":{"@type":"PropertyValueSpecification","valueRequired":true,"valueName":"search_term_string"}}],"inLanguage":"en-GB"},{"@type":"Organization","@id":"https:\/\/aggersvoldgods.dk\/#organization","name":"Aggersvold Gods","url":"https:\/\/aggersvoldgods.dk\/","logo":{"@type":"ImageObject","inLanguage":"en-GB","@id":"https:\/\/aggersvoldgods.dk\/#\/schema\/logo\/image\/","url":"https:\/\/aggersvoldgods.dk\/wp-content\/uploads\/2021\/03\/Google-profile_1000x1000.jpg","contentUrl":"https:\/\/aggersvoldgods.dk\/wp-content\/uploads\/2021\/03\/Google-profile_1000x1000.jpg","width":1000,"height":1000,"caption":"Aggersvold Gods"},"image":{"@id":"https:\/\/aggersvoldgods.dk\/#\/schema\/logo\/image\/"},"sameAs":["https:\/\/www.facebook.com\/search\/top?q=AggersvoldGods","https:\/\/www.instagram.com\/aggersvoldgods\/"]}]}},"_links":{"self":[{"href":"https:\/\/aggersvoldgods.dk\/en\/wp-json\/wp\/v2\/pages\/4350","targetHints":{"allow":["GET"]}}],"collection":[{"href":"https:\/\/aggersvoldgods.dk\/en\/wp-json\/wp\/v2\/pages"}],"about":[{"href":"https:\/\/aggersvoldgods.dk\/en\/wp-json\/wp\/v2\/types\/page"}],"author":[{"embeddable":true,"href":"https:\/\/aggersvoldgods.dk\/en\/wp-json\/wp\/v2\/users\/6"}],"replies":[{"embeddable":true,"href":"https:\/\/aggersvoldgods.dk\/en\/wp-json\/wp\/v2\/comments?post=4350"}],"version-history":[{"count":186,"href":"https:\/\/aggersvoldgods.dk\/en\/wp-json\/wp\/v2\/pages\/4350\/revisions"}],"predecessor-version":[{"id":9315,"href":"https:\/\/aggersvoldgods.dk\/en\/wp-json\/wp\/v2\/pages\/4350\/revisions\/9315"}],"wp:attachment":[{"href":"https:\/\/aggersvoldgods.dk\/en\/wp-json\/wp\/v2\/media?parent=4350"}],"curies":[{"name":"wp","href":"https:\/\/api.w.org\/{rel}","templated":true}]}}