{"id":3,"date":"2021-03-11T19:49:08","date_gmt":"2021-03-11T19:49:08","guid":{"rendered":"https:\/\/aggersvoldgods.dk\/?page_id=3"},"modified":"2023-12-22T09:02:50","modified_gmt":"2023-12-22T08:02:50","slug":"privacy-policy","status":"publish","type":"page","link":"https:\/\/aggersvoldgods.dk\/en\/privacy-policy\/","title":{"rendered":"Privacy Policy"},"content":{"rendered":"<div data-elementor-type=\"wp-page\" data-elementor-id=\"3\" class=\"elementor elementor-3\" data-elementor-post-type=\"page\">\n\t\t\t\t\t\t<section class=\"elementor-section elementor-top-section elementor-element elementor-element-478849fb elementor-section-boxed elementor-section-height-default elementor-section-height-default\" data-id=\"478849fb\" data-element_type=\"section\" data-e-type=\"section\">\n\t\t\t\t\t\t<div class=\"elementor-container elementor-column-gap-default\">\n\t\t\t\t\t<div class=\"elementor-column elementor-col-100 elementor-top-column elementor-element elementor-element-1d1f6914\" data-id=\"1d1f6914\" data-element_type=\"column\" data-e-type=\"column\">\n\t\t\t<div class=\"elementor-widget-wrap elementor-element-populated\">\n\t\t\t\t\t\t<div class=\"elementor-element elementor-element-f90ed3c elementor-widget elementor-widget-text-editor\" data-id=\"f90ed3c\" data-element_type=\"widget\" data-e-type=\"widget\" data-widget_type=\"text-editor.default\">\n\t\t\t\t<div class=\"elementor-widget-container\">\n\t\t\t\t\t\t\t\t\t\n<p>Cookie and Privacy Policy at Aggersvold Hotel &amp; Conference A\/S<\/p>\n\n<p><strong>Introduction<\/strong><br \/>When you visit our website, we collect cookies used to customize and enhance our content, gather visit statistics, and target advertising. If you do not wish for information to be collected, you should delete your cookies and refrain from further use of the website. Below, we have elaborated on the information collected, its purposes, and the third parties with access to it.<\/p>\n\t\t\t\t\t\t\t\t<\/div>\n\t\t\t\t<\/div>\n\t\t\t\t<div class=\"elementor-element elementor-element-08ec655 elementor-widget elementor-widget-text-editor\" data-id=\"08ec655\" data-element_type=\"widget\" data-e-type=\"widget\" data-widget_type=\"text-editor.default\">\n\t\t\t\t<div class=\"elementor-widget-container\">\n\t\t\t\t\t\t\t\t\t\n<p><strong>Personal Information<\/strong><\/p>\n\n<p><strong>General<\/strong><br \/>Personal information includes any type of information that can be attributed to you to some extent. When you use our website, we collect and process various such pieces of information. This occurs, for example, through regular access to content, if you subscribe to our newsletter, participate in contests or surveys, register as a user or subscriber, engage in other services, or make purchases via the website.<\/p>\n\n<p>We typically collect and process the following types of information: a unique ID and technical information about your computer, tablet, or mobile phone, your IP address, geographical location, and the pages you click on (interests). To the extent you explicitly consent and enter the information yourself, we also process: name, phone number, email, address, and payment information. This typically occurs through a completed contact form or when booking a stay.<\/p>\n\n<p><strong>Security<\/strong><br \/>We handle your personal information securely and confidentially in accordance with applicable laws, including the General Data Protection Regulation (GDPR) and data protection laws.<br \/>Your information will only be used for the purpose it was collected, and it will be deleted when this purpose is fulfilled or is no longer relevant.<br \/>We have implemented technical and organizational measures to prevent your information from being accidentally or unlawfully deleted, disclosed, lost, degraded, accessed by unauthorized parties, misused, or otherwise processed in violation of the law.<\/p>\n\n<p><strong>Purpose<\/strong><br \/>The information is used to identify you as a user and show you advertisements that are most likely to be relevant to you, to record your purchases and payments, and to deliver the services you have requested, such as sending a newsletter. Additionally, we use the information to optimize our services and content.<\/p>\n\n<p><strong>Storage Period<\/strong><br \/>The information is stored for the period allowed by law, and we delete it when it is no longer necessary. The period depends on the nature of the information and the reason for storage. Therefore, it is not possible to specify a general timeframe for when information is deleted.<\/p>\n\n<p><strong>Disclosure of Information<\/strong><br \/>Data about your use of the website, the advertisements you receive, and any clicks, geographical location, gender, and age segment, etc., may be disclosed to third parties to the extent this information is known. You can see which third parties are involved in the \"Cookies\" section above. The information is used for targeted advertising.<\/p>\n\n<p>Furthermore, we use a range of third parties for data storage and processing. These parties solely process information on our behalf and may not use it for their own purposes.<\/p>\n\n<p>Disclosure of personal information such as name and email, etc., will only occur if you give your consent. We only use data processors in the EU or in countries that can provide sufficient protection for your information.<\/p>\n\n<p><strong>Access and Complaints<\/strong><br \/>You have the right to be informed about the personal information we process about you in a commonly used format (data portability). You can also object to the use of information at any time. You can also revoke your consent to the processing of your information. If the information processed about you is incorrect, you have the right to have it corrected or deleted. Inquiries can be made to: info@aggersvoldgods.dk. If you wish to complain about our processing of your personal information, you also have the option to contact the Danish Data Protection Agency.<br \/>If you no longer want us to process your personal information or want us to restrict the processing of your personal information, you can also submit a request to the email address mentioned above.<\/p>\n\n<p><strong>Publisher<\/strong><br \/>The website is owned and published by:<\/p>\n\n<p>Aggersvold Hotel &amp; Konference A\/S<br \/>Tornbrinken 24<br \/>4450 Jyderup, Denmark<br \/>Phone: +45 30604103<br \/>E-mail: info@aggersvoldgods.dk<\/p>\n\t\t\t\t\t\t\t\t<\/div>\n\t\t\t\t<\/div>\n\t\t\t\t\t<\/div>\n\t\t<\/div>\n\t\t\t\t\t<\/div>\n\t\t<\/section>\n\t\t\t\t<\/div>","protected":false},"excerpt":{"rendered":"<p>Cookie- og privatlivspolitik hos Aggersvold Hotel &amp; Konference A\/S IntroduktionN\u00e5r du bes\u00f8ger vores website indsamler vi cookies, som bruges til at tilpasse og forbedre vores indhold, indsamle bes\u00f8gsstatistik og m\u00e5lrette annoncering. Hvis du ikke \u00f8nsker, at der indsamles oplysninger, b\u00f8r &hellip; <a href=\"https:\/\/aggersvoldgods.dk\/en\/privacy-policy\/\">Read More<\/a><\/p>","protected":false},"author":1,"featured_media":0,"parent":0,"menu_order":0,"comment_status":"closed","ping_status":"open","template":"elementor_header_footer","meta":{"footnotes":""},"class_list":["post-3","page","type-page","status-publish","hentry"],"yoast_head":"<!-- This site is optimized with the Yoast SEO Premium plugin v27.3 (Yoast SEO v27.3) - https:\/\/yoast.com\/product\/yoast-seo-premium-wordpress\/ -->\n<title>Privatlivspolitik | Aggersvold Gods<\/title>\n<meta name=\"robots\" content=\"noindex, nofollow\" \/>\n<meta property=\"og:locale\" content=\"en_GB\" \/>\n<meta property=\"og:type\" content=\"article\" \/>\n<meta property=\"og:title\" content=\"Privatlivspolitik\" \/>\n<meta property=\"og:description\" content=\"Cookie- og privatlivspolitik hos Aggersvold Hotel &amp; Konference A\/S IntroduktionN\u00e5r du bes\u00f8ger vores website indsamler vi cookies, som bruges til at\" \/>\n<meta property=\"og:url\" content=\"https:\/\/aggersvoldgods.dk\/en\/privacy-policy\/\" \/>\n<meta property=\"og:site_name\" content=\"Aggersvold Gods\" \/>\n<meta property=\"article:publisher\" content=\"https:\/\/www.facebook.com\/search\/top?q=AggersvoldGods\" \/>\n<meta property=\"article:modified_time\" content=\"2023-12-22T08:02:50+00:00\" \/>\n<meta property=\"og:image\" content=\"https:\/\/aggersvoldgods.dk\/wp-content\/uploads\/2021\/04\/hovedhus1.jpg\" \/>\n\t<meta property=\"og:image:width\" content=\"1920\" \/>\n\t<meta property=\"og:image:height\" content=\"1520\" \/>\n\t<meta property=\"og:image:type\" content=\"image\/jpeg\" \/>\n<meta name=\"twitter:card\" content=\"summary_large_image\" \/>\n<meta name=\"twitter:label1\" content=\"Estimated reading time\" \/>\n\t<meta name=\"twitter:data1\" content=\"4 minutes\" \/>\n<script type=\"application\/ld+json\" class=\"yoast-schema-graph\">{\"@context\":\"https:\\\/\\\/schema.org\",\"@graph\":[{\"@type\":\"WebPage\",\"@id\":\"https:\\\/\\\/aggersvoldgods.dk\\\/privacy-policy\\\/\",\"url\":\"https:\\\/\\\/aggersvoldgods.dk\\\/privacy-policy\\\/\",\"name\":\"Privatlivspolitik | Aggersvold Gods\",\"isPartOf\":{\"@id\":\"https:\\\/\\\/aggersvoldgods.dk\\\/#website\"},\"datePublished\":\"2021-03-11T19:49:08+00:00\",\"dateModified\":\"2023-12-22T08:02:50+00:00\",\"breadcrumb\":{\"@id\":\"https:\\\/\\\/aggersvoldgods.dk\\\/privacy-policy\\\/#breadcrumb\"},\"inLanguage\":\"en-GB\",\"potentialAction\":[{\"@type\":\"ReadAction\",\"target\":[\"https:\\\/\\\/aggersvoldgods.dk\\\/privacy-policy\\\/\"]}]},{\"@type\":\"BreadcrumbList\",\"@id\":\"https:\\\/\\\/aggersvoldgods.dk\\\/privacy-policy\\\/#breadcrumb\",\"itemListElement\":[{\"@type\":\"ListItem\",\"position\":1,\"name\":\"Hjem\",\"item\":\"https:\\\/\\\/aggersvoldgods.dk\\\/\"},{\"@type\":\"ListItem\",\"position\":2,\"name\":\"Privatlivspolitik\"}]},{\"@type\":\"WebSite\",\"@id\":\"https:\\\/\\\/aggersvoldgods.dk\\\/#website\",\"url\":\"https:\\\/\\\/aggersvoldgods.dk\\\/\",\"name\":\"Aggersvold Gods\",\"description\":\"Hotel &amp; Konference\",\"publisher\":{\"@id\":\"https:\\\/\\\/aggersvoldgods.dk\\\/#organization\"},\"potentialAction\":[{\"@type\":\"SearchAction\",\"target\":{\"@type\":\"EntryPoint\",\"urlTemplate\":\"https:\\\/\\\/aggersvoldgods.dk\\\/?s={search_term_string}\"},\"query-input\":{\"@type\":\"PropertyValueSpecification\",\"valueRequired\":true,\"valueName\":\"search_term_string\"}}],\"inLanguage\":\"en-GB\"},{\"@type\":\"Organization\",\"@id\":\"https:\\\/\\\/aggersvoldgods.dk\\\/#organization\",\"name\":\"Aggersvold Gods\",\"url\":\"https:\\\/\\\/aggersvoldgods.dk\\\/\",\"logo\":{\"@type\":\"ImageObject\",\"inLanguage\":\"en-GB\",\"@id\":\"https:\\\/\\\/aggersvoldgods.dk\\\/#\\\/schema\\\/logo\\\/image\\\/\",\"url\":\"https:\\\/\\\/aggersvoldgods.dk\\\/wp-content\\\/uploads\\\/2021\\\/03\\\/Google-profile_1000x1000.jpg\",\"contentUrl\":\"https:\\\/\\\/aggersvoldgods.dk\\\/wp-content\\\/uploads\\\/2021\\\/03\\\/Google-profile_1000x1000.jpg\",\"width\":1000,\"height\":1000,\"caption\":\"Aggersvold Gods\"},\"image\":{\"@id\":\"https:\\\/\\\/aggersvoldgods.dk\\\/#\\\/schema\\\/logo\\\/image\\\/\"},\"sameAs\":[\"https:\\\/\\\/www.facebook.com\\\/search\\\/top?q=AggersvoldGods\",\"https:\\\/\\\/www.instagram.com\\\/aggersvoldgods\\\/\"]}]}<\/script>\n<!-- \/ Yoast SEO Premium plugin. -->","yoast_head_json":{"title":"Privatlivspolitik | Aggersvold Gods","robots":{"index":"noindex","follow":"nofollow"},"og_locale":"en_GB","og_type":"article","og_title":"Privatlivspolitik","og_description":"Cookie- og privatlivspolitik hos Aggersvold Hotel &amp; Konference A\/S IntroduktionN\u00e5r du bes\u00f8ger vores website indsamler vi cookies, som bruges til at","og_url":"https:\/\/aggersvoldgods.dk\/en\/privacy-policy\/","og_site_name":"Aggersvold Gods","article_publisher":"https:\/\/www.facebook.com\/search\/top?q=AggersvoldGods","article_modified_time":"2023-12-22T08:02:50+00:00","og_image":[{"width":1920,"height":1520,"url":"https:\/\/aggersvoldgods.dk\/wp-content\/uploads\/2021\/04\/hovedhus1.jpg","type":"image\/jpeg"}],"twitter_card":"summary_large_image","twitter_misc":{"Estimated reading time":"4 minutes"},"schema":{"@context":"https:\/\/schema.org","@graph":[{"@type":"WebPage","@id":"https:\/\/aggersvoldgods.dk\/privacy-policy\/","url":"https:\/\/aggersvoldgods.dk\/privacy-policy\/","name":"Privatlivspolitik | Aggersvold Gods","isPartOf":{"@id":"https:\/\/aggersvoldgods.dk\/#website"},"datePublished":"2021-03-11T19:49:08+00:00","dateModified":"2023-12-22T08:02:50+00:00","breadcrumb":{"@id":"https:\/\/aggersvoldgods.dk\/privacy-policy\/#breadcrumb"},"inLanguage":"en-GB","potentialAction":[{"@type":"ReadAction","target":["https:\/\/aggersvoldgods.dk\/privacy-policy\/"]}]},{"@type":"BreadcrumbList","@id":"https:\/\/aggersvoldgods.dk\/privacy-policy\/#breadcrumb","itemListElement":[{"@type":"ListItem","position":1,"name":"Hjem","item":"https:\/\/aggersvoldgods.dk\/"},{"@type":"ListItem","position":2,"name":"Privatlivspolitik"}]},{"@type":"WebSite","@id":"https:\/\/aggersvoldgods.dk\/#website","url":"https:\/\/aggersvoldgods.dk\/","name":"Aggersvold Gods","description":"Hotel &amp; Konference","publisher":{"@id":"https:\/\/aggersvoldgods.dk\/#organization"},"potentialAction":[{"@type":"SearchAction","target":{"@type":"EntryPoint","urlTemplate":"https:\/\/aggersvoldgods.dk\/?s={search_term_string}"},"query-input":{"@type":"PropertyValueSpecification","valueRequired":true,"valueName":"search_term_string"}}],"inLanguage":"en-GB"},{"@type":"Organization","@id":"https:\/\/aggersvoldgods.dk\/#organization","name":"Aggersvold Gods","url":"https:\/\/aggersvoldgods.dk\/","logo":{"@type":"ImageObject","inLanguage":"en-GB","@id":"https:\/\/aggersvoldgods.dk\/#\/schema\/logo\/image\/","url":"https:\/\/aggersvoldgods.dk\/wp-content\/uploads\/2021\/03\/Google-profile_1000x1000.jpg","contentUrl":"https:\/\/aggersvoldgods.dk\/wp-content\/uploads\/2021\/03\/Google-profile_1000x1000.jpg","width":1000,"height":1000,"caption":"Aggersvold Gods"},"image":{"@id":"https:\/\/aggersvoldgods.dk\/#\/schema\/logo\/image\/"},"sameAs":["https:\/\/www.facebook.com\/search\/top?q=AggersvoldGods","https:\/\/www.instagram.com\/aggersvoldgods\/"]}]}},"_links":{"self":[{"href":"https:\/\/aggersvoldgods.dk\/en\/wp-json\/wp\/v2\/pages\/3","targetHints":{"allow":["GET"]}}],"collection":[{"href":"https:\/\/aggersvoldgods.dk\/en\/wp-json\/wp\/v2\/pages"}],"about":[{"href":"https:\/\/aggersvoldgods.dk\/en\/wp-json\/wp\/v2\/types\/page"}],"author":[{"embeddable":true,"href":"https:\/\/aggersvoldgods.dk\/en\/wp-json\/wp\/v2\/users\/1"}],"replies":[{"embeddable":true,"href":"https:\/\/aggersvoldgods.dk\/en\/wp-json\/wp\/v2\/comments?post=3"}],"version-history":[{"count":4,"href":"https:\/\/aggersvoldgods.dk\/en\/wp-json\/wp\/v2\/pages\/3\/revisions"}],"predecessor-version":[{"id":8211,"href":"https:\/\/aggersvoldgods.dk\/en\/wp-json\/wp\/v2\/pages\/3\/revisions\/8211"}],"wp:attachment":[{"href":"https:\/\/aggersvoldgods.dk\/en\/wp-json\/wp\/v2\/media?parent=3"}],"curies":[{"name":"wp","href":"https:\/\/api.w.org\/{rel}","templated":true}]}}